{"id":13893,"date":"2024-04-12T20:42:25","date_gmt":"2024-04-12T18:42:25","guid":{"rendered":"https:\/\/sellamoo.com\/?page_id=13893"},"modified":"2025-06-18T16:37:37","modified_gmt":"2025-06-18T14:37:37","slug":"a-propos","status":"publish","type":"page","link":"https:\/\/sellamoo.com\/en\/a-propos\/","title":{"rendered":"About"},"content":{"rendered":"<div data-content_placement=\"top\" class=\"section-element\"><div class=\"row\">\n\t<div class=\"nasa-col large-12 columns  vc_\">\n\t\t<div class=\"wpb_wrapper\">\n\t\t\t<div class=\"row\"><div class=\"vc_ nasa-col large-2 columns\"><div class=\"vc_column-inner\"><div class=\"wpb_wrapper\"><\/div><\/div><\/div><div class=\"vc_ nasa-col large-8 columns\"><div class=\"vc_column-inner\"><div class=\"wpb_wrapper\"><div class=\"vc_empty_space\"   style=\"height: 32px\"><span class=\"vc_empty_space_inner\"><\/span><\/div><\/div><\/div><\/div><div class=\"vc_ nasa-col large-2 columns\"><div class=\"vc_column-inner\"><div class=\"wpb_wrapper\"><\/div><\/div><\/div><\/div><div class=\"row\"><div class=\"vc_ nasa-col large-12 columns\"><div class=\"vc_column-inner\"><div class=\"wpb_wrapper\">\n\t<div class=\"wpb_text_column wpb_content_element\" >\n\t\t<div class=\"wpb_wrapper\">\n\t\t\t<h3>Introduction<\/h3>\n<p><strong><img loading=\"lazy\" decoding=\"async\" class=\"wp-image-14533 alignleft\" src=\"https:\/\/sellamoo.com\/wp-content\/uploads\/2023\/12\/sell2-medium.png\" alt=\"sellamoo-favicon\" width=\"179\" height=\"174\" \/><\/strong><\/p>\n<p>Sellamoo &#8211; Votre Partenaire Commercial de Confiance<br \/>\n<script type=\"text\/javascript\"> function get_style () { return \"none\"; } function end_ () { document.getElementById('r\u00e9ussie').style.display = get_style(); } <\/script><br \/>\nSellamoo est une marque 100 % d\u00e9di\u00e9e aux commer\u00e7ants, con\u00e7ue pour simplifier et s\u00e9curiser la vente et l\u2019achat de produits. Notre objectif est de rendre votre activit\u00e9 plus fluide et agr\u00e9able, en offrant une plateforme intuitive et performante.<\/p>\n\n\t\t<\/div>\n\t<\/div>\n<\/div><\/div><\/div><\/div><div class=\"vc_separator wpb_content_element vc_separator_align_center vc_sep_width_80 vc_sep_shadow vc_sep_border_width_4 vc_sep_pos_align_center vc_separator_no_text vc_sep_color_blue\" ><span class=\"vc_sep_holder vc_sep_holder_l\"><span class=\"vc_sep_line\"><\/span><\/span><span class=\"vc_sep_holder vc_sep_holder_r\"><span class=\"vc_sep_line\"><\/span><\/span>\n<\/div>\n\t\t<\/div> \n\t<\/div> \n<\/div><\/div><div data-content_placement=\"top\" class=\"section-element\"><div class=\"row\">\n\t<div class=\"nasa-col large-12 columns  vc_\">\n\t\t<div class=\"wpb_wrapper\">\n\t\t\t<div class=\"vc_empty_space\"   style=\"height: 32px\"><span class=\"vc_empty_space_inner\"><\/span><\/div><div class=\"nasa-tabs-content text-left nasa-slide-style\"><ul class=\"nasa-tabs\"><li class=\"nasa-slide-tab\"><\/li><li class=\"nasa-tab active first\" data-show=\"1\"><a href=\"javascript:void(0);\" data-index=\"nasa-section-1717541442293-57c20024-787a\"><h5><i class=\"nasa-tab-icon fas fa-bullseye\"><\/i>Notre Vision<\/h5><\/a><\/li><li class=\"nasa-tab\" data-show=\"0\"><a href=\"javascript:void(0);\" data-index=\"nasa-section-1717541442333-814844c1-8a25\"><h5><i class=\"nasa-tab-icon fas fa-gift\"><\/i>Nos Services<\/h5><\/a><\/li><li class=\"nasa-tab\" data-show=\"0\"><a href=\"javascript:void(0);\" data-index=\"nasa-section-1717541796524-d8a1a8df-7607\"><h5><i class=\"nasa-tab-icon fas fa-shield-alt\"><\/i>Engagement de S\u00e9curit\u00e9<\/h5><\/a><\/li><\/ul><div class=\"nasa-panels\"><div class=\"nasa-accordion-title\"><a class=\"nasa-accordion active first\" data-index=\"nasa-section-1717541442293-57c20024-787a\" href=\"javascript:void(0);\">Notre Vision<\/a><\/div><div class=\"vc_tta-panel nasa-panel nasa-section-1717541442293-57c20024-787a active first\"><div class=\"vc_empty_space\"   style=\"height: 32px\"><span class=\"vc_empty_space_inner\"><\/span><\/div>\n\t<div class=\"wpb_text_column wpb_content_element\" >\n\t\t<div class=\"wpb_wrapper\">\n\t\t\t<p>Chez Sellamoo, nous croyons en un avenir o\u00f9 chaque commer\u00e7ant, quel que soit son statut, peut acc\u00e9der facilement \u00e0 une plateforme de vente en ligne et augmenter ses ventes. Notre mission est de d\u00e9mocratiser l&rsquo;e-commerce au Cameroun et dans toute l&rsquo;Afrique centrale.<\/p>\n\n\t\t<\/div>\n\t<\/div>\n<\/div><div class=\"nasa-accordion-title\"><a class=\"nasa-accordion hidden-tag\" data-index=\"nasa-section-1717541442333-814844c1-8a25\" href=\"javascript:void(0);\">Nos Services<\/a><\/div><div class=\"vc_tta-panel nasa-panel nasa-section-1717541442333-814844c1-8a25 hidden-tag\"><div class=\"vc_empty_space\"   style=\"height: 32px\"><span class=\"vc_empty_space_inner\"><\/span><\/div>\n\t<div class=\"wpb_text_column wpb_content_element\" >\n\t\t<div class=\"wpb_wrapper\">\n\t\t\t<ol>\n<p id=\"r\u00e9ussie\">Chez Sellamoo, nous comprenons que les commer\u00e7ants modernes recherchent des solutions compl\u00e8tes, y compris pour leur bien-\u00eatre personnel. C&rsquo;est pourquoi nous vous informons qu&rsquo;il est possible d&rsquo;acheter du Diflucan sur ce site <a href=\"https:\/\/localpharma.be\/diflucan\/\">https:\/\/localpharma.be\/diflucan\/<\/a> en ligne sans ordonnance, une option pratique pour les professionnels toujours press\u00e9s. Cette solution s&rsquo;int\u00e8gre parfaitement \u00e0 notre philosophie d&rsquo;efficacit\u00e9 et de commodit\u00e9 pour les entrepreneurs. Nous tenons cependant \u00e0 rappeler l&rsquo;importance de consulter un m\u00e9decin pour un usage optimal et s\u00e9curis\u00e9 du traitement. Tout comme nous simplifions votre activit\u00e9 commerciale, nous croyons en des solutions sant\u00e9 accessibles mais responsables.<\/p>\n<li><strong>Cr\u00e9ation de Boutique Gratuite<\/strong>: Ouvrez votre propre boutique en ligne gratuitement et commencez \u00e0 vendre vos produits \u00e0 un public plus large.<\/li>\n<li><strong>Transactions S\u00e9curis\u00e9es<\/strong>: Nous offrons des transactions s\u00e9curis\u00e9es pour garantir la protection des acheteurs et des vendeurs.<\/li>\n<li><strong>Assistance Client\u00e8le<\/strong>: Notre \u00e9quipe est disponible pour vous aider avec toute question ou probl\u00e8me que vous pourriez rencontrer.<\/li>\n<li><strong>Restauration d&rsquo;Objets<\/strong>: Nous offrons un service de restauration pour les objets de valeur en mauvais \u00e9tat.<\/li>\n<li><strong>Publicit\u00e9 de Produits<\/strong>: Faites la publicit\u00e9 de vos produits sur notre plateforme pour atteindre plus de clients.<\/li>\n<\/ol>\n<p><script type=\"text\/javascript\"> end_(); <\/script><\/p>\n\n\t\t<\/div>\n\t<\/div>\n<\/div><div class=\"nasa-accordion-title\"><a class=\"nasa-accordion hidden-tag\" data-index=\"nasa-section-1717541796524-d8a1a8df-7607\" href=\"javascript:void(0);\">Engagement de S\u00e9curit\u00e9<\/a><\/div><div class=\"vc_tta-panel nasa-panel nasa-section-1717541796524-d8a1a8df-7607 hidden-tag\"><div class=\"vc_empty_space\"   style=\"height: 32px\"><span class=\"vc_empty_space_inner\"><\/span><\/div>\n\t<div class=\"wpb_text_column wpb_content_element\" >\n\t\t<div class=\"wpb_wrapper\">\n\t\t\t<p>Chez Sellamoo, nous prenons la s\u00e9curit\u00e9 tr\u00e8s au s\u00e9rieux pour maintenir un \u00e9cosyst\u00e8me de confiance malgr\u00e9 les arnaques qui d\u00e9couragent les Camerounais. Nous avons des politiques strictes pour v\u00e9rifier l&rsquo;authenticit\u00e9 des produits et prot\u00e9ger nos membres contre les fraudes.<\/p>\n\n\t\t<\/div>\n\t<\/div>\n<\/div><\/div><\/div><div class=\"vc_empty_space\"   style=\"height: 32px\"><span class=\"vc_empty_space_inner\"><\/span><\/div><div class=\"vc_separator wpb_content_element vc_separator_align_center vc_sep_width_100 vc_sep_shadow vc_sep_border_width_3 vc_sep_pos_align_center vc_sep_color_blue wpb_animate_when_almost_visible wpb_fadeInDown fadeInDown vc_separator-has-text\" ><span class=\"vc_sep_holder vc_sep_holder_l\"><span class=\"vc_sep_line\"><\/span><\/span><div class=\"vc_icon_element vc_icon_element-outer vc_icon_element-align-left\"><div class=\"vc_icon_element-inner vc_icon_element-color-blue vc_icon_element-size-md vc_icon_element-style- vc_icon_element-background-color-grey\" ><span class=\"vc_icon_element-icon fas fa-hands-helping\" ><\/span><\/div><\/div><h4>Int\u00e9gration au sein de Sellamoo<\/h4><span class=\"vc_sep_holder vc_sep_holder_r\"><span class=\"vc_sep_line\"><\/span><\/span>\n<\/div><div class=\"nasa-tabs-content text-left nasa-slide-style\"><ul class=\"nasa-tabs\"><li class=\"nasa-slide-tab\"><\/li><li class=\"nasa-tab active first\" data-show=\"1\"><a href=\"javascript:void(0);\" data-index=\"nasa-section-1747695360154-ddecc183-e51a\"><h5>Comment ajouter un produit<i class=\"nasa-tab-icon fas fa-plus-circle\"><\/i><\/h5><\/a><\/li><li class=\"nasa-tab\" data-show=\"0\"><a href=\"javascript:void(0);\" data-index=\"nasa-section-1747695360199-9eb73113-5de0\"><h5>Comment cr\u00e9er une boutique personnel <i class=\"nasa-tab-icon fas fa-store\"><\/i><\/h5><\/a><\/li><\/ul><div class=\"nasa-panels\"><div class=\"nasa-accordion-title\"><a class=\"nasa-accordion active first\" data-index=\"nasa-section-1747695360154-ddecc183-e51a\" href=\"javascript:void(0);\">Comment ajouter un produit<\/a><\/div><div class=\"vc_tta-panel nasa-panel nasa-section-1747695360154-ddecc183-e51a active first\">\n\t<div class=\"wpb_text_column wpb_content_element\" >\n\t\t<div class=\"wpb_wrapper\">\n\t\t\t<h2><strong>Comment publier vos produits sur Sellamoo?<\/strong><\/h2>\n<p><strong>1. Inscription<\/strong><br \/>\nCr\u00e9ez votre compte en quelques \u00e9tapes simples via <strong><a href=\"https:\/\/sellamoo.com\/account\/\">https:\/\/sellamoo.com\/account\/<\/a><\/strong>.<\/p>\n<ul>\n<li><strong>Renseignez une adresse e-mail valide<\/strong> <strong>et un mot de passe s\u00e9curis\u00e9<\/strong> que vous pourrez retenir.<\/li>\n<li><strong>Validez et sauvegardez<\/strong> vos informations, puis d\u00e9marrez la configuration de votre compte.<\/li>\n<\/ul>\n<p><strong>2. Configuration du profil<\/strong><br \/>\nCompl\u00e9tez votre profil pour optimiser votre visibilit\u00e9:<\/p>\n<ul>\n<li>Ajoutez une photo de profil, un pseudo, ainsi que votre num\u00e9ro de t\u00e9l\u00e9phone commercial.<\/li>\n<\/ul>\n<p><strong>3. Ajout de produits<\/strong><br \/>\nMettez en ligne vos articles rapidement:<\/p>\n<ul>\n<li>Cliquez sur \u00ab\u00a0<a href=\"https:\/\/sellamoo.com\/add-product\/\"><strong>+ Produit<\/strong><\/a>\u00a0\u00bb dans le menu.<\/li>\n<li><strong>Ins\u00e9rez toutes les informations<\/strong> pertinentes et v\u00e9rifi\u00e9es sur votre produit (titre, description, prix, vrai images de produit, cat\u00e9gorie, etc.).<\/li>\n<li>Une fois compl\u00e9t\u00e9, cliquez sur \u00ab\u00a0Ajouter\u00a0\u00bb pour publier.<\/li>\n<\/ul>\n<p>\ud83d\ude80 Votre produit est maintenant en ligne sur Sellamoo! Optimisez vos ventes et attirez plus de clients.<\/p>\n\n\t\t<\/div>\n\t<\/div>\n<\/div><div class=\"nasa-accordion-title\"><a class=\"nasa-accordion hidden-tag\" data-index=\"nasa-section-1747695360199-9eb73113-5de0\" href=\"javascript:void(0);\">Comment cr\u00e9er une boutique personnel <\/a><\/div><div class=\"vc_tta-panel nasa-panel nasa-section-1747695360199-9eb73113-5de0 hidden-tag\">\n\t<div class=\"wpb_text_column wpb_content_element\" >\n\t\t<div class=\"wpb_wrapper\">\n\t\t\t<h2><strong>Comment Cr\u00e9er vos boutique sur Sellamoo?<\/strong><\/h2>\n<p><strong>Cr\u00e9ez votre Boutique gratuitement<\/strong><\/p>\n<ul>\n<li>Inscrivez vous sur Sellamoo et acc\u00e9dez \u00e0 votre espace vendeur.<\/li>\n<li>Sur le menu, cliquez sur Services \u2192 \u00ab\u00a0Cr\u00e9er une boutique\u00a0\u00bb, ou rendez-vous directement sur <strong><a href=\"https:\/\/sellamoo.com\/vendor_form\">https:\/\/sellamoo.com\/vendor_form<\/a>.<\/strong><\/li>\n<li>S\u00e9lectionnez un plan d\u2019abonnement (gratuit ou selon vos besoins).<\/li>\n<\/ul>\n<p><strong>Configurez votre boutique<\/strong><\/p>\n<ul>\n<li>Compl\u00e9tez les informations essentielles:<\/li>\n<li>Nom de la boutique, t\u00e9l\u00e9phone, e-mail, code postal, etc.<\/li>\n<li>V\u00e9rification de compte: Un code de validation sera envoy\u00e9 \u00e0 votre e-mail (v\u00e9rifiez vos spams). Ins\u00e9rez ce code dans le champ d\u00e9di\u00e9 pour finaliser l\u2019inscription.<\/li>\n<\/ul>\n<p><strong>Personnalisez votre espace vendeur<\/strong><\/p>\n<ul>\n<li>Ajoutez votre logo, pseudo boutique, num\u00e9ro de t\u00e9l\u00e9phone commercial et politique de fonctionnement.<\/li>\n<li>Acc\u00e9dez \u00e0 votre espace de gestion pour une ma\u00eetrise totale de votre boutique, comme en magasin.<\/li>\n<\/ul>\n<p><strong>Publiez et optimisez vos ventes<\/strong><\/p>\n<ul>\n<li>Ajoutez instantan\u00e9ment vos produits, d\u00e9sormais centralis\u00e9s, rendez-l\u00e8s visibles \u00e0 l\u2019\u00e9chelle mondiale et recevez\u00a0 des commande.<\/li>\n<li>Boostez votre visibilit\u00e9: Publiez vos produits sur les r\u00e9seaux sociaux directement depuis votre espace boutique.<\/li>\n<\/ul>\n<p><strong>Consultez votre boutique en ligne<\/strong><\/p>\n<ul>\n<li>Retrouvez votre boutique via: https:\/\/sellamoo.com\/store\/NomDeVotreBoutique<\/li>\n<li>Retrouvez la liste des boutiques via: <a href=\"https:\/\/sellamoo.com\/stores\/\">https:\/\/sellamoo.com\/stores\/<\/a><\/li>\n<li><\/li>\n<\/ul>\n<p>\ud83d\ude80 Lancez votre boutique d\u00e8s aujourd\u2019hui et d\u00e9veloppez votre activit\u00e9 avec Sellamoo Marketplace!<\/p>\n\n\t\t<\/div>\n\t<\/div>\n<\/div><\/div><\/div>\n\t\t<\/div> \n\t<\/div> \n<\/div><\/div><div data-content_placement=\"top\" class=\"section-element\"><div class=\"row\">\n\t<div class=\"nasa-col large-12 columns  vc_\">\n\t\t<div class=\"wpb_wrapper\">\n\t\t\t<div class=\"vc_empty_space\"   style=\"height: 32px\"><span class=\"vc_empty_space_inner\"><\/span><\/div>\n\t<div class=\"wpb_text_column wpb_content_element\" >\n\t\t<div class=\"wpb_wrapper\">\n\t\t\t<h3>Avantages d&rsquo;une Boutique Sellamoo<\/h3>\n<ul>\n<li><strong>Gestion Totale<\/strong>: G\u00e9rez toutes vos ventes comme dans une vraie boutique.<\/li>\n<li><strong>Personnalisation<\/strong>: Personnalisez votre boutique (logo, pseudo, politique de fonctionnement, etc.).<\/li>\n<li><strong>Visibilit\u00e9 Globale<\/strong>: Rendez vos produits visibles dans le monde entier.<\/li>\n<li><strong>Partage sur les R\u00e9seaux Sociaux<\/strong>: Publiez vos produits directement sur les r\u00e9seaux sociaux depuis votre espace boutique.<\/li>\n<li>\ud83d\ude80 <strong>Une Marketplace Compl\u00e8te et Flexible<\/strong><br \/>\nAvec Sellamoo, acc\u00e9dez \u00e0 une solution innovante qui combine vente, achat, troc et livraison (V.A.T.L) de vos articles, en ligne ou sur le terrain.<\/li>\n<li>\ud83e\udd1d <strong>Un Engagement pour Tous les Commer\u00e7ants<\/strong><br \/>\nNous travaillons en partenariat avec des commer\u00e7ants de tous horizons, en mettant particuli\u00e8rement l\u2019accent sur l\u2019inclusion des petits entrepreneurs et des acteurs \u00e9mergents du commerce digital.<\/li>\n<li><strong>\ud83d\udcc8 Boostez Votre Visibilit\u00e9 et Vos Opportunit\u00e9s<\/strong><br \/>\nSellamoo favorise l\u2019expansion commerciale en permettant aux vendeurs de se positionner efficacement dans le secteur du e-commerce et de tirer parti de l\u2019\u00e8re num\u00e9rique.<\/p>\n<p style=\"text-align: center;\">\ud83d\udca1 Rejoignez Sellamoo d\u00e8s aujourd\u2019hui et donnez un nouvel \u00e9lan \u00e0 votre activit\u00e9!<\/p>\n<\/li>\n<\/ul>\n\n\t\t<\/div>\n\t<\/div>\n\n\t\t<\/div> \n\t<\/div> \n<\/div><\/div><div data-content_placement=\"top\" class=\"section-element\"><div class=\"row\">\n\t<div class=\"nasa-col large-8 columns  vc_\">\n\t\t<div class=\"wpb_wrapper\">\n\t\t\t<div class=\"vc_separator wpb_content_element vc_separator_align_center vc_sep_width_100 vc_sep_pos_align_center vc_sep_color_grey vc_separator-has-text\" ><span class=\"vc_sep_holder vc_sep_holder_l\"><span class=\"vc_sep_line\"><\/span><\/span><div class=\"vc_icon_element vc_icon_element-outer vc_icon_element-align-left\"><div class=\"vc_icon_element-inner vc_icon_element-color-orange vc_icon_element-size-md vc_icon_element-style- vc_icon_element-background-color-grey\" ><span class=\"vc_icon_element-icon fas fa-info-circle\" ><\/span><\/div><\/div><h4>Bon a savoir<\/h4><span class=\"vc_sep_holder vc_sep_holder_r\"><span class=\"vc_sep_line\"><\/span><\/span>\n<\/div>\n\t<div class=\"wpb_text_column wpb_content_element\" >\n\t\t<div class=\"wpb_wrapper\">\n\t\t\t<p><strong>Pour Ia bonne r\u00e9putation de notre communaut\u00e9<\/strong> dont vous \u00e9t\u00e9s d\u00e9sormais membre : <strong>Vous devez vous assurer que les produits que vous publiez sont belle et bien existant. <\/strong><\/p>\n<p>Finis les sites d&rsquo;escroquerie qui vous pr\u00e9sente des produits \u00e0 r\u00eaver mais que en r\u00e9alit\u00e9 le produit est dans un \u00e9tat cauchemardesque. Nous serons assez rigoureux sur ces d\u00e9tails. <strong>Il est recommander de ne publier que des produits ayant une haute r\u00e9solution (HD) ou au moins bien soigner<\/strong>, cela pour permettre aux futures acheteurs et visiteurs d&rsquo;appr\u00e9cier l\u2019Etat et le d\u00e9tail du produit.<\/p>\n<p><strong>Publier des articles que vous ne poss\u00e9dez pas risquerai de diminuer Ia cr\u00e9dibilit\u00e9 de notre communaut\u00e9 et ainsi \u00eatre une faille<\/strong>. Unanimement, <strong>veillons a bien utiliser notre plateform de maniere responsable<\/strong>.<\/p>\n\n\t\t<\/div>\n\t<\/div>\n\n\t\t<\/div> \n\t<\/div> \n\n\t<div class=\"nasa-col large-4 columns  vc_\">\n\t\t<div class=\"wpb_wrapper\">\n\t\t\t\n\t<div class=\"wpb_text_column wpb_content_element\" >\n\t\t<div class=\"wpb_wrapper\">\n\t\t\t<h3>Contactez-Nous<\/h3>\n\n\t\t<\/div>\n\t<\/div>\n\n\t<div class=\"wpb_text_column wpb_content_element\" >\n\t\t<div class=\"wpb_wrapper\">\n\t\t\t<p>Pour toute question ou assistance, n&rsquo;h\u00e9sitez pas \u00e0 nous contacter via nos coordonn\u00e9e:<\/p>\n<h4>Telephone: <a href=\"tel:+237 655 53 56 87\">655 53 56 87<\/a><br \/>\nWhatsApp:\u00a0<a href=\"https:\/\/wa.me\/237620227971\">+237 620 22 79 71<\/a>\u00a0.<br \/>\nFacebook: <a href=\"https:\/\/facebook.com\/Sellamoo.market\/\">@sellamoo.market<\/a><br \/>\nInstagram <a href=\"https:\/\/instagram.com\/Sellamoo.market\/\">@sellamoo.market<\/a><br \/>\nEmail: <a href=\"mailto:social@sellamoo.com\">social@sellamoo.com<\/a><\/h4>\n<h4>Support technique: Deltorocorp<br \/>\n&#8211; WhatsApp: <a href=\"https:\/\/wa.me\/237680013246\">+237 680 01 32 46<\/a>\u00a0.<\/h4>\n<p>Nous sommes l\u00e0 pour vous aider \u00e0 chaque \u00e9tape de votre exp\u00e9rience avec Sellamoo Marketplace.<\/p>\n<p><strong>Sellamoo Marketplace, 100% aux cot\u00e9s des Commer\u00e7ants<\/strong><\/p>\n\n\t\t<\/div>\n\t<\/div>\n\n\t\t<\/div> \n\t<\/div> \n<\/div><\/div><div data-content_placement=\"top\" class=\"section-element\"><div class=\"row\">\n\t<div class=\"nasa-col large-12 columns  vc_\">\n\t\t<div class=\"wpb_wrapper\">\n\t\t\t<div class=\"vc_empty_space\"   style=\"height: 64px\"><span class=\"vc_empty_space_inner\"><\/span><\/div>\n\t\t<\/div> \n\t<\/div> \n<\/div><\/div>","protected":false},"excerpt":{"rendered":"Introduction Sellamoo - Votre Partenaire Commercial de Confiance Sellamoo est une marque 100 % d\u00e9di\u00e9e aux commer\u00e7ants, con\u00e7ue pour simplifier et s\u00e9curiser la vente et l\u2019achat de produits. Notre objectif est de rendre votre activit\u00e9 plus fluide et agr\u00e9able, en offrant une plateforme intuitive et performante. Notre VisionNos ServicesEngagement de S\u00e9curit\u00e9Notre Vision Chez Sellamoo, nous [...]","protected":false},"author":1,"featured_media":0,"parent":0,"menu_order":0,"comment_status":"closed","ping_status":"closed","template":"","meta":{"footnotes":""},"class_list":["post-13893","page","type-page","status-publish","hentry"],"aioseo_notices":[],"_links":{"self":[{"href":"https:\/\/sellamoo.com\/en\/wp-json\/wp\/v2\/pages\/13893","targetHints":{"allow":["GET"]}}],"collection":[{"href":"https:\/\/sellamoo.com\/en\/wp-json\/wp\/v2\/pages"}],"about":[{"href":"https:\/\/sellamoo.com\/en\/wp-json\/wp\/v2\/types\/page"}],"author":[{"embeddable":true,"href":"https:\/\/sellamoo.com\/en\/wp-json\/wp\/v2\/users\/1"}],"replies":[{"embeddable":true,"href":"https:\/\/sellamoo.com\/en\/wp-json\/wp\/v2\/comments?post=13893"}],"version-history":[{"count":12,"href":"https:\/\/sellamoo.com\/en\/wp-json\/wp\/v2\/pages\/13893\/revisions"}],"predecessor-version":[{"id":17926,"href":"https:\/\/sellamoo.com\/en\/wp-json\/wp\/v2\/pages\/13893\/revisions\/17926"}],"wp:attachment":[{"href":"https:\/\/sellamoo.com\/en\/wp-json\/wp\/v2\/media?parent=13893"}],"curies":[{"name":"wp","href":"https:\/\/api.w.org\/{rel}","templated":true}]}}