{"id":15683,"date":"2024-06-19T21:05:44","date_gmt":"2024-06-19T19:05:44","guid":{"rendered":"https:\/\/sellamoo.com\/?page_id=15683"},"modified":"2024-06-20T20:37:41","modified_gmt":"2024-06-20T18:37:41","slug":"services","status":"publish","type":"page","link":"https:\/\/sellamoo.com\/en\/services\/","title":{"rendered":"Services"},"content":{"rendered":"<div data-content_placement=\"top\" class=\"section-element\"><div class=\"row\">\n\t<div class=\"nasa-col large-12 columns  vc_\">\n\t\t<div class=\"wpb_wrapper\">\n\t\t\t<div class=\"vc_empty_space\"   style=\"height: 32px\"><span class=\"vc_empty_space_inner\"><\/span><\/div><div class=\"vc_empty_space\"   style=\"height: 32px\"><span class=\"vc_empty_space_inner\"><\/span><\/div>\n\t\t<\/div> \n\t<\/div> \n<\/div><\/div><div data-content_placement=\"top\" class=\"section-element\"><div class=\"row\">\n\t<div class=\"nasa-col large-12 columns  vc_\">\n\t\t<div class=\"wpb_wrapper\">\n\t\t\t\n\t<div class=\"wpb_text_column wpb_content_element\" >\n\t\t<div class=\"wpb_wrapper\">\n\t\t\t<h2 style=\"text-align: center;\">Services de Sellamoo: Livraison Rapide, Automobiles et Cr\u00e9ation de Boutiques en ligne au Cameroun<\/h2>\n\n\t\t<\/div>\n\t<\/div>\n\n\t\t<\/div> \n\t<\/div> \n<\/div><\/div><div data-content_placement=\"top\" class=\"section-element\"><div class=\"row\">\n\t<div class=\"nasa-col large-12 columns  vc_\">\n\t\t<div class=\"wpb_wrapper\">\n\t\t\t<h2>Parcourir<\/h2><div class=\"nasa-tabs-content text-left nasa-slide-style\"><ul class=\"nasa-tabs\"><li class=\"nasa-slide-tab\"><\/li><li class=\"nasa-tab active first\" data-show=\"1\"><a href=\"javascript:void(0);\" data-index=\"nasa-section-1718824577549-91c1f62f-f972\"><h5><i class=\"nasa-tab-icon fas fa-store\"><\/i>Cr\u00e9er ma boutique<\/h5><\/a><\/li><li class=\"nasa-tab\" data-show=\"0\"><a href=\"javascript:void(0);\" data-index=\"nasa-section-1718824577571-f9100a62-304b\"><h5><i class=\"nasa-tab-icon fas fa-car\"><\/i>Automobile (Bucarsell)<\/h5><\/a><\/li><li class=\"nasa-tab\" data-show=\"0\"><a href=\"javascript:void(0);\" data-index=\"nasa-section-1718824740050-4dc404af-b49c\"><h5><i class=\"nasa-tab-icon fas fa-truck\"><\/i>Livraison<\/h5><\/a><\/li><\/ul><div class=\"nasa-panels\"><div class=\"nasa-accordion-title\"><a class=\"nasa-accordion active first icon_services\" data-index=\"nasa-section-1718824577549-91c1f62f-f972\" href=\"javascript:void(0);\">Cr\u00e9er ma boutique<\/a><\/div><div class=\"vc_tta-panel nasa-panel nasa-section-1718824577549-91c1f62f-f972 active first icon_services\"><div class=\"row\"><div class=\"vc_ nasa-col large-12 columns\"><div class=\"vc_column-inner\"><div class=\"wpb_wrapper\"><div class=\"vc_empty_space\"   style=\"height: 100px\"><span class=\"vc_empty_space_inner\"><\/span><\/div>\n\t<div class=\"wpb_text_column wpb_content_element\" >\n\t\t<div class=\"wpb_wrapper\">\n\t\t\t<p><img loading=\"lazy\" decoding=\"async\" class=\"size-medium wp-image-13 alignleft\" src=\"https:\/\/sellamoo.com\/wp-content\/uploads\/2024\/02\/Sellamoo-store-2-300x199.jpg\" alt=\"\" width=\"300\" height=\"199\" \/><\/p>\n<p>Cr\u00e9ez votre boutique sur Sellamoo Marketplace pour b\u00e9n\u00e9ficier d&rsquo;une visibilit\u00e9 accrue, attirer de nouveaux clients et fid\u00e9liser votre communaut\u00e9.<\/p>\n<p>Profitez d&rsquo;une personnalisation compl\u00e8te de votre boutique, d&rsquo;une r\u00e9duction de la concurrence et d&rsquo;une plateforme s\u00e9curis\u00e9e pour faciliter les ventes et les \u00e9changes avec vos clients.<\/p>\n<p>Rejoignez Sellamoo pour booster votre activit\u00e9 commerciale et augmenter vos opportunit\u00e9s de vente.<\/p>\n\n\t\t<\/div>\n\t<\/div>\n<div class=\"vc_empty_space\"   style=\"height: 32px\"><span class=\"vc_empty_space_inner\"><\/span><\/div><div class=\"vc_btn3-container  wpb_animate_when_almost_visible wpb_fadeInUp fadeInUp vc_btn3-center\" ><a class=\"vc_general vc_btn3 vc_btn3-size-md vc_btn3-shape-rounded vc_btn3-style-modern vc_btn3-icon-right vc_btn3-color-green\" href=\"https:\/\/sellamoo.com\/vendor_form\/\" title=\"Become a seller\" target=\"_blank\">Cr\u00e9ez votre boutique ici <i class=\"vc_btn3-icon fas fa-store\"><\/i><\/a><\/div><\/div><\/div><\/div><\/div><\/div><div class=\"nasa-accordion-title\"><a class=\"nasa-accordion hidden-tag icon_services\" data-index=\"nasa-section-1718824577571-f9100a62-304b\" href=\"javascript:void(0);\">Automobile (Bucarsell)<\/a><\/div><div class=\"vc_tta-panel nasa-panel nasa-section-1718824577571-f9100a62-304b hidden-tag icon_services\"><div class=\"row\"><div class=\"vc_ nasa-col large-12 columns\"><div class=\"vc_column-inner\"><div class=\"wpb_wrapper\"><div class=\"vc_empty_space\"   style=\"height: 100px\"><span class=\"vc_empty_space_inner\"><\/span><\/div>\n\t<div class=\"wpb_text_column wpb_content_element\" >\n\t\t<div class=\"wpb_wrapper\">\n\t\t\t<p><img loading=\"lazy\" decoding=\"async\" class=\"size-medium wp-image-12 alignleft\" src=\"https:\/\/sellamoo.com\/wp-content\/uploads\/2024\/02\/sedan-1-300x215.jpg\" alt=\"\" width=\"300\" height=\"215\" \/><\/p>\n<p><strong>Bucarsell est la solution automobile offerte par Sellamoo Marketplace<\/strong>. Ce service permet aux utilisateurs et concessionnaires d&rsquo;am\u00e9liorer leurs <strong>activit\u00e9s d&rsquo;achat, de vente, de location, d&rsquo;importation ou d&rsquo;exportation de v\u00e9hicules et de pi\u00e8ces d\u00e9tach\u00e9es<\/strong>.<\/p>\n<p>En utilisant Bucarsell, vous avez la possibilit\u00e9 d&rsquo;afficher vos annonces de v\u00e9hicules et de pi\u00e8ces d\u00e9tach\u00e9es, offrant ainsi une visibilit\u00e9 cibl\u00e9e aux acheteurs int\u00e9ress\u00e9s par ces produits. Cette fonctionnalit\u00e9 vous permet de maximiser vos opportunit\u00e9s de vente en ligne gr\u00e2ce \u00e0 une exp\u00e9rience de navigation optimis\u00e9e.<\/p>\n<p style=\"text-align: center; padding-left: 40px;\">Rejoignez la team automobile de Sellamoo et profitez de cette plateforme pour booster la commercialisation de vos v\u00e9hicules et pi\u00e8ces d\u00e9tach\u00e9es. Gr\u00e2ce \u00e0 Bucarsell, vente et visibilit\u00e9 vont de pair !<\/p>\n\n\t\t<\/div>\n\t<\/div>\n<div class=\"vc_empty_space\"   style=\"height: 32px\"><span class=\"vc_empty_space_inner\"><\/span><\/div><div class=\"vc_btn3-container  wpb_animate_when_almost_visible wpb_fadeInUp fadeInUp vc_btn3-center\" ><a class=\"vc_general vc_btn3 vc_btn3-size-md vc_btn3-shape-rounded vc_btn3-style-modern vc_btn3-icon-right vc_btn3-color-green\" href=\"https:\/\/auto.sellamoo.com\" title=\"Vendez et louer vos v\u00e9hicules maintenant\" target=\"_blank\">Vendez et louer vos v\u00e9hicules maintenant <i class=\"vc_btn3-icon fas fa-car\"><\/i><\/a><\/div><\/div><\/div><\/div><\/div><\/div><div class=\"nasa-accordion-title\"><a class=\"nasa-accordion hidden-tag icon_services\" data-index=\"nasa-section-1718824740050-4dc404af-b49c\" href=\"javascript:void(0);\">Livraison<\/a><\/div><div class=\"vc_tta-panel nasa-panel nasa-section-1718824740050-4dc404af-b49c hidden-tag icon_services\"><div class=\"row\"><div class=\"vc_ nasa-col large-12 columns\"><div class=\"vc_column-inner\"><div class=\"wpb_wrapper\"><div class=\"vc_empty_space\"   style=\"height: 100px\"><span class=\"vc_empty_space_inner\"><\/span><\/div>\n\t<div class=\"wpb_text_column wpb_content_element\" >\n\t\t<div class=\"wpb_wrapper\">\n\t\t\t<p><img loading=\"lazy\" decoding=\"async\" class=\"size-medium wp-image-15701 alignleft\" src=\"https:\/\/sellamoo.com\/wp-content\/uploads\/2024\/06\/Sellamoo_deliveries-300x214.png\" alt=\"\" width=\"300\" height=\"214\" \/><\/p>\n<p><strong>Sellamoo propose un service de livraison pratique et fiable pour ses utilisateurs<\/strong>. Que vous soyez vendeur ou acheteur, Sellamoo s&rsquo;engage \u00e0 vous offrir une exp\u00e9rience de livraison agr\u00e9able.<\/p>\n<p><strong>En tant qu&rsquo;acheteur<\/strong>, vous b\u00e9n\u00e9ficiez de la possibilit\u00e9 de passer des commandes en ligne et de vous faire livrer simplement selon les choix disponibles. Sellamoo facilite ainsi le processus d&rsquo;achat en vous offrant la tranquillit\u00e9 d&rsquo;esprit quant \u00e0 la livraison de vos articles.<\/p>\n<p><strong>En tant que vendeur<\/strong>, Sellamoo comprend l&rsquo;importance de la livraison rapide et s\u00e9curis\u00e9e pour satisfaire vos clients. Sellamoo vous propose donc un suivi de livraison permettant de solliciter, initier et suivre l&rsquo;\u00e9tat de livraison de vos commandes. Cela renforce la confiance entre vous et vos clients.<\/p>\n<p>Gr\u00e2ce \u00e0 nos r\u00e9seaux de livraison, Sellamoo veille \u00e0 ce que les commandes soient trait\u00e9es efficacement et livr\u00e9es dans les d\u00e9lais pr\u00e9vus. La plateforme facilite \u00e9galement la communication entre les vendeurs et les acheteurs gr\u00e2ce \u00e0 des fonctionnalit\u00e9s int\u00e9gr\u00e9es de messagerie et de localisation pour les livraisons.<\/p>\n\n\t\t<\/div>\n\t<\/div>\n<div class=\"vc_empty_space\"   style=\"height: 32px\"><span class=\"vc_empty_space_inner\"><\/span><\/div><div class=\"vc_btn3-container  wpb_animate_when_almost_visible wpb_fadeInUp fadeInUp vc_btn3-center\" ><a class=\"vc_general vc_btn3 vc_btn3-size-md vc_btn3-shape-rounded vc_btn3-style-modern vc_btn3-icon-right vc_btn3-color-green\" href=\"#deliverie_form\" title=\"Vendez et louer vos v\u00e9hicules maintenant\">Soumettre une demande de livraison <i class=\"vc_btn3-icon fas fa-truck-loading\"><\/i><\/a><\/div><\/div><\/div><\/div><\/div><\/div><\/div><\/div><div class=\"vc_empty_space\"   style=\"height: 100px\"><span class=\"vc_empty_space_inner\"><\/span><\/div>\n\t<div class=\"wpb_text_column wpb_content_element  wpb_animate_when_almost_visible wpb_fadeInUp fadeInUp\" >\n\t\t<div class=\"wpb_wrapper\">\n\t\t\t<h1 style=\"text-align: center;\">WE ARE OPEN FOR BUSINESS<\/h1>\n\n\t\t<\/div>\n\t<\/div>\n<div class=\"vc_empty_space\"   style=\"height: 32px\"><span class=\"vc_empty_space_inner\"><\/span><\/div><div class=\"vc_empty_space\"   style=\"height: 100px\"><span class=\"vc_empty_space_inner\"><\/span><\/div>\n\t\t<\/div> \n\t<\/div> \n<\/div><\/div>","protected":false},"excerpt":{"rendered":"Services de Sellamoo: Livraison Rapide, Automobiles et Cr\u00e9ation de Boutiques en ligne au Cameroun ParcourirCr\u00e9er ma boutiqueAutomobile (Bucarsell)LivraisonCr\u00e9er ma boutique Cr\u00e9ez votre boutique sur Sellamoo Marketplace pour b\u00e9n\u00e9ficier d'une visibilit\u00e9 accrue, attirer de nouveaux clients et fid\u00e9liser votre communaut\u00e9. Profitez d'une personnalisation compl\u00e8te de votre boutique, d'une r\u00e9duction de la concurrence et d'une plateforme s\u00e9curis\u00e9e [...]","protected":false},"author":1,"featured_media":0,"parent":0,"menu_order":0,"comment_status":"closed","ping_status":"closed","template":"","meta":{"footnotes":""},"class_list":["post-15683","page","type-page","status-publish","hentry"],"aioseo_notices":[],"_links":{"self":[{"href":"https:\/\/sellamoo.com\/en\/wp-json\/wp\/v2\/pages\/15683","targetHints":{"allow":["GET"]}}],"collection":[{"href":"https:\/\/sellamoo.com\/en\/wp-json\/wp\/v2\/pages"}],"about":[{"href":"https:\/\/sellamoo.com\/en\/wp-json\/wp\/v2\/types\/page"}],"author":[{"embeddable":true,"href":"https:\/\/sellamoo.com\/en\/wp-json\/wp\/v2\/users\/1"}],"replies":[{"embeddable":true,"href":"https:\/\/sellamoo.com\/en\/wp-json\/wp\/v2\/comments?post=15683"}],"version-history":[{"count":21,"href":"https:\/\/sellamoo.com\/en\/wp-json\/wp\/v2\/pages\/15683\/revisions"}],"predecessor-version":[{"id":15715,"href":"https:\/\/sellamoo.com\/en\/wp-json\/wp\/v2\/pages\/15683\/revisions\/15715"}],"wp:attachment":[{"href":"https:\/\/sellamoo.com\/en\/wp-json\/wp\/v2\/media?parent=15683"}],"curies":[{"name":"wp","href":"https:\/\/api.w.org\/{rel}","templated":true}]}}