{"id":7410,"date":"2023-07-31T08:01:04","date_gmt":"2023-07-31T06:01:04","guid":{"rendered":"https:\/\/digi.nasatheme.com\/?page_id=7410"},"modified":"2025-05-20T02:59:25","modified_gmt":"2025-05-20T00:59:25","slug":"nous-contacter","status":"publish","type":"page","link":"https:\/\/sellamoo.com\/en\/nous-contacter\/","title":{"rendered":"Nous contacter"},"content":{"rendered":"<div data-content_placement=\"top\" class=\"section-element\"><div class=\"row\">\n\t<div class=\"nasa-col large-12 columns  vc_\">\n\t\t<div class=\"wpb_wrapper\">\n\t\t\t<div class=\"vc_empty_space\"   style=\"height: 64px\"><span class=\"vc_empty_space_inner\"><\/span><\/div>\n\t\t<\/div> \n\t<\/div> \n<\/div><\/div><div data-content_placement=\"top\" class=\"section-element\"><div class=\"row\">\n\t<div class=\"nasa-col large-6 columns padding-side-mobile-0  vc_ vc_custom_1505055254580\">\n\t\t<div class=\"wpb_wrapper\">\n\t\t\t<div class=\"wpb_gmaps_widget wpb_content_element\"><div class=\"wpb_wrapper\"><div class=\"wpb_map_wraper\"><iframe src=\"https:\/\/www.google.com\/maps\/embed?pb=!1m18!1m12!1m3!1d4069363.9494775506!2d11.158180574426499!3d5.105595901276654!2m3!1f0!2f0!3f0!3m2!1i1024!2i768!4f13.1!3m3!1m2!1s0x108bcf7a309a7977%3A0x7f54bad35e693c51!2sYaound%C3%A9%2C%20Cameroun!5e0!3m2!1sfr!2sus!4v1747667585186!5m2!1sfr!2sus\" width=\"600\" height=\"350\" style=\"border:0;\" allowfullscreen=\"\" loading=\"lazy\" referrerpolicy=\"no-referrer-when-downgrade\"><\/iframe><\/div><\/div><\/div>\n\t\t<\/div> \n\t<\/div> \n\n\t<div class=\"nasa-col large-6 columns  vc_\">\n\t\t<div class=\"wpb_wrapper\">\n\t\t\t<div class=\"row\"><div class=\"vc_ nasa-col large-6 columns\"><div class=\"vc_column-inner\"><div class=\"wpb_wrapper\">\n\t<div class=\"wpb_text_column wpb_content_element\" >\n\t\t<div class=\"wpb_wrapper\">\n\t\t\t<h5 class=\"nasa-title-heading\" style=\"font-weight: 500;\">DROP US A LINE<\/h5>\n<p>Pour vos questions, n&rsquo;h\u00e9sitez pas \u00e0 nous contacter.<br \/>\nNous vous r\u00e9pondrons d\u00e8s que possible.<\/p>\n\n\t\t<\/div>\n\t<\/div>\n<div class=\"vc_empty_space\"   style=\"height: 20px\"><span class=\"vc_empty_space_inner\"><\/span><\/div>\n\t<div class=\"wpb_text_column wpb_content_element\" >\n\t\t<div class=\"wpb_wrapper\">\n\t\t\t<h5 class=\"nasa-title-heading\" style=\"font-weight: 500;\">EMAIL<\/h5>\n<p style=\"text-align: left;\">Contact@sellamoo.com<br \/>\nSupport@sellamoo.com<\/p>\n\n\t\t<\/div>\n\t<\/div>\n<div class=\"vc_empty_space\"   style=\"height: 20px\"><span class=\"vc_empty_space_inner\"><\/span><\/div>\n\t<div class=\"wpb_text_column wpb_content_element\" >\n\t\t<div class=\"wpb_wrapper\">\n\t\t\t<h5 class=\"nasa-title-heading\" style=\"font-weight: 500;\">MOBILE<\/h5>\n<p>Mobile 1: +237 680013246<br \/>\nMobile 2: +237 6097558727<\/p>\n\n\t\t<\/div>\n\t<\/div>\n    <ul class=\"social-icons nasa-share\">\r\n        \r\n        \r\n                    <li>\r\n                <a href=\"\/\/www.facebook.com\/sharer.php?u=https:\/\/sellamoo.com\/en\/nous-contacter\/\" target=\"_blank\" class=\"icon\" title=\"Share on Facebook\" rel=\"nofollow\">\r\n                    <i class=\"fa fa-facebook\"><\/i>\r\n                <\/a>\r\n            <\/li>\r\n        \r\n                    <li>\r\n                <a href=\"mailto:enter-your-mail@domain-here.com?subject=Nous%20contacter&amp;body=Check%20this%20out:%20https:\/\/sellamoo.com\/en\/nous-contacter\/\" target=\"_blank\" class=\"icon\" title=\"Email to your friends\" rel=\"nofollow\">\r\n                    <i class=\"fa fa-envelope-o\"><\/i>\r\n                <\/a>\r\n            <\/li>\r\n        \r\n            <\/ul>\r\n\r\n<\/div><\/div><\/div><div class=\"vc_ nasa-col large-6 columns\"><div class=\"vc_column-inner\"><div class=\"wpb_wrapper\">\n<div class=\"wpcf7 no-js\" id=\"wpcf7-f41-o1\" lang=\"fr-FR\" dir=\"ltr\" data-wpcf7-id=\"41\">\n<div class=\"screen-reader-response\"><p role=\"status\" aria-live=\"polite\" aria-atomic=\"true\"><\/p> <ul><\/ul><\/div>\n<form action=\"\/en\/wp-json\/wp\/v2\/pages\/7410#wpcf7-f41-o1\" method=\"post\" class=\"wpcf7-form init\" aria-label=\"Formulaire de contact\" novalidate=\"novalidate\" data-status=\"init\" data-trp-original-action=\"\/en\/wp-json\/wp\/v2\/pages\/7410#wpcf7-f41-o1\">\n<div style=\"display: none;\">\n<input type=\"hidden\" name=\"_wpcf7\" value=\"41\" \/>\n<input type=\"hidden\" name=\"_wpcf7_version\" value=\"6.0.6\" \/>\n<input type=\"hidden\" name=\"_wpcf7_locale\" value=\"fr_FR\" \/>\n<input type=\"hidden\" name=\"_wpcf7_unit_tag\" value=\"wpcf7-f41-o1\" \/>\n<input type=\"hidden\" name=\"_wpcf7_container_post\" value=\"0\" \/>\n<input type=\"hidden\" name=\"_wpcf7_posted_data_hash\" value=\"\" \/>\n<\/div>\n<p><label> Votre nom<br \/>\n<span class=\"wpcf7-form-control-wrap\" data-name=\"your-name\"><input size=\"40\" maxlength=\"400\" class=\"wpcf7-form-control wpcf7-text wpcf7-validates-as-required\" autocomplete=\"name\" aria-required=\"true\" aria-invalid=\"false\" value=\"\" type=\"text\" name=\"your-name\" \/><\/span> <\/label>\n<\/p>\n<p><label> Votre e-mail<br \/>\n<span class=\"wpcf7-form-control-wrap\" data-name=\"your-email\"><input size=\"40\" maxlength=\"400\" class=\"wpcf7-form-control wpcf7-email wpcf7-validates-as-required wpcf7-text wpcf7-validates-as-email\" autocomplete=\"email\" aria-required=\"true\" aria-invalid=\"false\" value=\"\" type=\"email\" name=\"your-email\" \/><\/span> <\/label>\n<\/p>\n<p><label> Objet<br \/>\n<span class=\"wpcf7-form-control-wrap\" data-name=\"your-subject\"><input size=\"40\" maxlength=\"400\" class=\"wpcf7-form-control wpcf7-text wpcf7-validates-as-required\" aria-required=\"true\" aria-invalid=\"false\" value=\"\" type=\"text\" name=\"your-subject\" \/><\/span> <\/label>\n<\/p>\n<p><label> Votre message (facultatif)<br \/>\n<span class=\"wpcf7-form-control-wrap\" data-name=\"your-message\"><textarea cols=\"40\" rows=\"10\" maxlength=\"2000\" class=\"wpcf7-form-control wpcf7-textarea\" aria-invalid=\"false\" name=\"your-message\"><\/textarea><\/span> <\/label>\n<\/p>\n<p><input class=\"wpcf7-form-control wpcf7-submit has-spinner\" type=\"submit\" value=\"Envoyer\" \/>\n<\/p><div class=\"wpcf7-response-output\" aria-hidden=\"true\"><\/div>\n<input type=\"hidden\" name=\"trp-form-language\" value=\"en\"\/><\/form>\n<\/div>\n<\/div><\/div><\/div><\/div>\n\t\t<\/div> \n\t<\/div> \n<\/div><\/div><div data-content_placement=\"top\" class=\"section-element\"><div class=\"row\">\n\t<div class=\"nasa-col large-12 columns  vc_\">\n\t\t<div class=\"wpb_wrapper\">\n\t\t\t<div class=\"vc_empty_space\"   style=\"height: 64px\"><span class=\"vc_empty_space_inner\"><\/span><\/div>\n\t\t<\/div> \n\t<\/div> \n<\/div><\/div>","protected":false},"excerpt":{"rendered":"DROP US A LINE Pour vos questions, n'h\u00e9sitez pas \u00e0 nous contacter. Nous vous r\u00e9pondrons d\u00e8s que possible. EMAIL Contact@sellamoo.com Support@sellamoo.com MOBILE Mobile 1: +237 680013246 Mobile 2: +237 6097558727 Votre nom Votre e-mail Objet Votre message (facultatif)","protected":false},"author":1,"featured_media":0,"parent":0,"menu_order":0,"comment_status":"closed","ping_status":"closed","template":"page-blank.php","meta":{"footnotes":""},"class_list":["post-7410","page","type-page","status-publish","hentry"],"aioseo_notices":[],"_links":{"self":[{"href":"https:\/\/sellamoo.com\/en\/wp-json\/wp\/v2\/pages\/7410","targetHints":{"allow":["GET"]}}],"collection":[{"href":"https:\/\/sellamoo.com\/en\/wp-json\/wp\/v2\/pages"}],"about":[{"href":"https:\/\/sellamoo.com\/en\/wp-json\/wp\/v2\/types\/page"}],"author":[{"embeddable":true,"href":"https:\/\/sellamoo.com\/en\/wp-json\/wp\/v2\/users\/1"}],"replies":[{"embeddable":true,"href":"https:\/\/sellamoo.com\/en\/wp-json\/wp\/v2\/comments?post=7410"}],"version-history":[{"count":27,"href":"https:\/\/sellamoo.com\/en\/wp-json\/wp\/v2\/pages\/7410\/revisions"}],"predecessor-version":[{"id":16070,"href":"https:\/\/sellamoo.com\/en\/wp-json\/wp\/v2\/pages\/7410\/revisions\/16070"}],"wp:attachment":[{"href":"https:\/\/sellamoo.com\/en\/wp-json\/wp\/v2\/media?parent=7410"}],"curies":[{"name":"wp","href":"https:\/\/api.w.org\/{rel}","templated":true}]}}