{"id":15221,"date":"2024-05-23T20:21:29","date_gmt":"2024-05-23T18:21:29","guid":{"rendered":"https:\/\/sellamoo.com\/?post_type=product&#038;p=15221"},"modified":"2024-05-23T20:21:38","modified_gmt":"2024-05-23T18:21:38","slug":"desktop-hard-drive-2","status":"publish","type":"product","link":"https:\/\/sellamoo.com\/en\/product\/desktop-hard-drive-2\/","title":{"rendered":"Desktop Hard Drive"},"content":{"rendered":"<p>Disque Dure Desktop de haute qualit\u00e9. Connaissant\u00a0 les caract\u00e9ristiques des disque dur de Qualit\u00e9, vous \u00eates certainement dans le bon coin. Des HHD tr\u00e8s puissant et de longue dur\u00e9e de vie.<\/p>","protected":false},"excerpt":{"rendered":"<ul>\n<li>Disque Dur HHD<\/li>\n<li>Large capacit\u00e9 de stockage en Go\n<ul>\n<li>298Go,<\/li>\n<li>500Go,<\/li>\n<li>750Go,<\/li>\n<li>1To<\/li>\n<\/ul>\n<\/li>\n<li>Bonne \u00e9quilibre Oscillo-magn\u00e9tique<\/li>\n<li>Robuste et r\u00e9sistant aux chocs<\/li>\n<\/ul>","protected":false},"featured_media":15251,"comment_status":"open","ping_status":"closed","template":"","meta":[],"pwb-brand":[],"product_brand":[],"product_cat":[178],"product_tag":[179,180,181],"class_list":{"0":"post-15221","1":"product","2":"type-product","3":"status-publish","4":"has-post-thumbnail","6":"product_cat-accessoirs","7":"product_tag-desktop","8":"product_tag-hard-drive","9":"product_tag-hhd","11":"first","12":"instock","13":"featured","14":"taxable","15":"shipping-taxable","16":"purchasable","17":"product-type-simple"},"aioseo_notices":[],"brands":[],"_links":{"self":[{"href":"https:\/\/sellamoo.com\/en\/wp-json\/wp\/v2\/product\/15221","targetHints":{"allow":["GET"]}}],"collection":[{"href":"https:\/\/sellamoo.com\/en\/wp-json\/wp\/v2\/product"}],"about":[{"href":"https:\/\/sellamoo.com\/en\/wp-json\/wp\/v2\/types\/product"}],"replies":[{"embeddable":true,"href":"https:\/\/sellamoo.com\/en\/wp-json\/wp\/v2\/comments?post=15221"}],"wp:featuredmedia":[{"embeddable":true,"href":"https:\/\/sellamoo.com\/en\/wp-json\/wp\/v2\/media\/15251"}],"wp:attachment":[{"href":"https:\/\/sellamoo.com\/en\/wp-json\/wp\/v2\/media?parent=15221"}],"wp:term":[{"taxonomy":"pwb-brand","embeddable":true,"href":"https:\/\/sellamoo.com\/en\/wp-json\/wp\/v2\/pwb-brand?post=15221"},{"taxonomy":"product_brand","embeddable":true,"href":"https:\/\/sellamoo.com\/en\/wp-json\/wp\/v2\/product_brand?post=15221"},{"taxonomy":"product_cat","embeddable":true,"href":"https:\/\/sellamoo.com\/en\/wp-json\/wp\/v2\/product_cat?post=15221"},{"taxonomy":"product_tag","embeddable":true,"href":"https:\/\/sellamoo.com\/en\/wp-json\/wp\/v2\/product_tag?post=15221"}],"curies":[{"name":"wp","href":"https:\/\/api.w.org\/{rel}","templated":true}]}}