{"id":15230,"date":"2024-05-23T20:21:31","date_gmt":"2024-05-23T18:21:31","guid":{"rendered":"https:\/\/sellamoo.com\/?post_type=product&#038;p=15230"},"modified":"2026-04-12T19:33:24","modified_gmt":"2026-04-12T17:33:24","slug":"fhd-camera-led","status":"publish","type":"product","link":"https:\/\/sellamoo.com\/en\/product\/fhd-camera-led\/","title":{"rendered":"FHD CAMERA LED"},"content":{"rendered":"<ul>\n<li><strong>Qualit\u00e9 d&rsquo;image Full HD 1080P<\/strong><\/li>\n<li>D\u00e9tection de mouvement avec sensibilit\u00e9 et zones<\/li>\n<li>Son bi-directionnel (micro et haut-parleur int\u00e9gr\u00e9s)<\/li>\n<li>Notifications sur smartphone<\/li>\n<li>Fonction Ampoule LED avec lumi\u00e8re r\u00e9glable<\/li>\n<li><strong>Vision nocturne<\/strong><\/li>\n<li>Videos et photos en mode panoramique 360\u00b0 en HD<\/li>\n<li>Fonction Timeline (enregistrement en continu)<\/li>\n<li>D\u00e9multiplexage 3D en temps r\u00e9el<\/li>\n<li>Technologie Cloud P2P (connexion r\u00e9seau simplifi\u00e9)<\/li>\n<li><strong>Support carte m\u00e9moire Micro SD \/ SDHC jusqu&rsquo;\u00e0 128 Go<\/strong><\/li>\n<li>Compatible iOS et Android (smartphone, tablette)<\/li>\n<li>L\u2019ampoule cam\u00e9ra est un mod\u00e8le de cam\u00e9ra espion WiFi tr\u00e8s sollicit\u00e9 sur notre site de part sa fonction de<\/li>\n<li>cam\u00e9ra de surveillance cach\u00e9e. <\/li>\n<li>4.6<\/li>\n<li>En effet, s\u2019agissant d\u2019une cam\u00e9ra ayant la forme d\u2019un objet du quotidien, il vous permet de mettre en<\/li>\n<li>place une surveillance vid\u00e9o sans l, discr\u00e8te, avec une vision panoramique Full HD tr\u00e8s int\u00e9ressante,<\/li>\n<li>consultable \u00e0 distance sur votre smartphone via le WiFi. <\/li>\n<li><strong>La communication WiFi <\/strong>pr\u00e9sente entre la cam\u00e9ra et l\u2019application offre une surveillance vid\u00e9o permanente,<\/li>\n<li>de n\u2019importe o\u00f9 et n\u2019importe quand, pour maintenir une s\u00e9curit\u00e9 maximale.<\/li>\n<\/ul>","protected":false},"excerpt":{"rendered":"<p>Qualit\u00e9 d&rsquo;image Full HD 1080P D\u00e9tection de mouvement avec sensibilit\u00e9 et zones Son bi-directionnel (micro et haut-parleur int\u00e9gr\u00e9s) Notifications sur smartphone Fonction Ampoule LED avec lumi\u00e8re r\u00e9glable Vision nocturne Videos et photos en mode panoramique 360\u00b0 en HD Fonction Timeline (enregistrement en continu) D\u00e9multiplexage 3D en temps r\u00e9el Technologie Cloud P2P (connexion r\u00e9seau simplifi\u00e9) Support [&hellip;]<\/p>","protected":false},"featured_media":15277,"comment_status":"open","ping_status":"closed","template":"","meta":[],"pwb-brand":[],"product_brand":[],"product_cat":[178,191,188],"product_tag":[54,192,193,194,195,196,197,198],"class_list":{"0":"post-15230","1":"product","2":"type-product","3":"status-publish","4":"has-post-thumbnail","6":"product_cat-accessoirs","7":"product_cat-camera","8":"product_cat-torche","9":"product_tag-camera","10":"product_tag-infra-red","11":"product_tag-infra-rouge","12":"product_tag-record","13":"product_tag-spy","14":"product_tag-torch","15":"product_tag-vision-nocturn","16":"product_tag-wifi","18":"first","19":"instock","20":"sale","21":"featured","22":"shipping-taxable","23":"purchasable","24":"product-type-simple"},"aioseo_notices":[],"brands":[],"_links":{"self":[{"href":"https:\/\/sellamoo.com\/en\/wp-json\/wp\/v2\/product\/15230","targetHints":{"allow":["GET"]}}],"collection":[{"href":"https:\/\/sellamoo.com\/en\/wp-json\/wp\/v2\/product"}],"about":[{"href":"https:\/\/sellamoo.com\/en\/wp-json\/wp\/v2\/types\/product"}],"replies":[{"embeddable":true,"href":"https:\/\/sellamoo.com\/en\/wp-json\/wp\/v2\/comments?post=15230"}],"wp:featuredmedia":[{"embeddable":true,"href":"https:\/\/sellamoo.com\/en\/wp-json\/wp\/v2\/media\/15277"}],"wp:attachment":[{"href":"https:\/\/sellamoo.com\/en\/wp-json\/wp\/v2\/media?parent=15230"}],"wp:term":[{"taxonomy":"pwb-brand","embeddable":true,"href":"https:\/\/sellamoo.com\/en\/wp-json\/wp\/v2\/pwb-brand?post=15230"},{"taxonomy":"product_brand","embeddable":true,"href":"https:\/\/sellamoo.com\/en\/wp-json\/wp\/v2\/product_brand?post=15230"},{"taxonomy":"product_cat","embeddable":true,"href":"https:\/\/sellamoo.com\/en\/wp-json\/wp\/v2\/product_cat?post=15230"},{"taxonomy":"product_tag","embeddable":true,"href":"https:\/\/sellamoo.com\/en\/wp-json\/wp\/v2\/product_tag?post=15230"}],"curies":[{"name":"wp","href":"https:\/\/api.w.org\/{rel}","templated":true}]}}