{"id":15233,"date":"2024-05-23T20:21:31","date_gmt":"2024-05-23T18:21:31","guid":{"rendered":"https:\/\/sellamoo.com\/?post_type=product&#038;p=15233"},"modified":"2024-05-23T20:23:23","modified_gmt":"2024-05-23T18:23:23","slug":"eventail-afritude-de-qualite","status":"publish","type":"product","link":"https:\/\/sellamoo.com\/en\/product\/eventail-afritude-de-qualite\/","title":{"rendered":"\u00c9ventail Afritude de qualit\u00e9"},"content":{"rendered":"<h2>\u00c9ventail Afritude :<\/h2>\n<p>Ces \u00e9ventails africains peuvent \u00eatre utilis\u00e9s pour se rafra\u00eechir, mais aussi comme accessoires c\u00e9r\u00e9moniels, d\u00e9coratifs ou symboliques dans diverses pratiques culturelles et rituelles.<\/p>\n<h1><strong><u>Les \u00e9ventails africains pr\u00e9sentent les avantages suivants<\/u><\/strong> :<\/h1>\n<p>1. <strong><u>Rafra\u00eechissement<\/u><\/strong> : Ils procurent un soulagement lors des journ\u00e9es chaudes en cr\u00e9ant un courant d&rsquo;air.<\/p>\n<p>2. <strong><u>Accessoire de mode<\/u><\/strong> : Ils ajoutent de l&rsquo;\u00e9l\u00e9gance et de la couleur aux tenues traditionnelles africaines.<\/p>\n<p>3. <strong><u>Expression culturelle<\/u><\/strong> : Ils refl\u00e8tent l&rsquo;identit\u00e9 et l&rsquo;esth\u00e9tique africaines, avec des motifs et des couleurs repr\u00e9sentatifs.<\/p>\n<p>4. <strong><u>Danse et performance<\/u><\/strong> : Ils sont utilis\u00e9s dans les danses et les performances traditionnelles pour ajouter de la beaut\u00e9 et du dynamisme.<\/p>\n<p>5. <strong><u>Signification symbolique<\/u><\/strong> : Certains \u00e9ventails peuvent avoir des significations sp\u00e9ciales li\u00e9es au statut, \u00e0 l&rsquo;autorit\u00e9 ou \u00e0 la spiritualit\u00e9.<\/p>\n<p>Les \u00e9ventails africains offrent donc \u00e0 la fois une fonctionnalit\u00e9 pratique et sont porteurs d&rsquo;une expression culturelle riche. Valorisez vos cultures avec ses \u00e9ventail Afritude personnalis\u00e9.<\/p>","protected":false},"excerpt":{"rendered":"<p>\u00c9ventail Afritude : Ces \u00e9ventails africains peuvent \u00eatre utilis\u00e9s pour se rafra\u00eechir, mais aussi comme accessoires c\u00e9r\u00e9moniels, d\u00e9coratifs ou symboliques dans diverses pratiques culturelles et rituelles. Les \u00e9ventails africains pr\u00e9sentent les avantages suivants : 1. Rafra\u00eechissement : Ils procurent un soulagement lors des journ\u00e9es chaudes en cr\u00e9ant un courant d&rsquo;air. 2. Accessoire de mode : [&hellip;]<\/p>","protected":false},"featured_media":15291,"comment_status":"open","ping_status":"closed","template":"","meta":[],"pwb-brand":[],"product_brand":[],"product_cat":[178,209,199,210],"product_tag":[],"class_list":{"0":"post-15233","1":"product","2":"type-product","3":"status-publish","4":"has-post-thumbnail","6":"product_cat-accessoirs","7":"product_cat-decoration","8":"product_cat-detente","9":"product_cat-mode","11":"first","12":"instock","13":"taxable","14":"shipping-taxable","15":"purchasable","16":"product-type-simple"},"aioseo_notices":[],"brands":[],"_links":{"self":[{"href":"https:\/\/sellamoo.com\/en\/wp-json\/wp\/v2\/product\/15233","targetHints":{"allow":["GET"]}}],"collection":[{"href":"https:\/\/sellamoo.com\/en\/wp-json\/wp\/v2\/product"}],"about":[{"href":"https:\/\/sellamoo.com\/en\/wp-json\/wp\/v2\/types\/product"}],"replies":[{"embeddable":true,"href":"https:\/\/sellamoo.com\/en\/wp-json\/wp\/v2\/comments?post=15233"}],"wp:featuredmedia":[{"embeddable":true,"href":"https:\/\/sellamoo.com\/en\/wp-json\/wp\/v2\/media\/15291"}],"wp:attachment":[{"href":"https:\/\/sellamoo.com\/en\/wp-json\/wp\/v2\/media?parent=15233"}],"wp:term":[{"taxonomy":"pwb-brand","embeddable":true,"href":"https:\/\/sellamoo.com\/en\/wp-json\/wp\/v2\/pwb-brand?post=15233"},{"taxonomy":"product_brand","embeddable":true,"href":"https:\/\/sellamoo.com\/en\/wp-json\/wp\/v2\/product_brand?post=15233"},{"taxonomy":"product_cat","embeddable":true,"href":"https:\/\/sellamoo.com\/en\/wp-json\/wp\/v2\/product_cat?post=15233"},{"taxonomy":"product_tag","embeddable":true,"href":"https:\/\/sellamoo.com\/en\/wp-json\/wp\/v2\/product_tag?post=15233"}],"curies":[{"name":"wp","href":"https:\/\/api.w.org\/{rel}","templated":true}]}}