{"id":15236,"date":"2024-05-23T20:21:32","date_gmt":"2024-05-23T18:21:32","guid":{"rendered":"https:\/\/sellamoo.com\/?post_type=product&#038;p=15236"},"modified":"2024-06-18T07:12:37","modified_gmt":"2024-06-18T05:12:37","slug":"cremes-pour-barde-pur-balm","status":"publish","type":"product","link":"https:\/\/sellamoo.com\/en\/product\/cremes-pour-barde-pur-balm\/","title":{"rendered":"Cr\u00e8mes pour barde (Pur Balm)"},"content":{"rendered":"<p>Les cr\u00e8mes de barbe Bergamot sont des produits de soin sp\u00e9cialement con\u00e7us pour nourrir, hydrater et coiffer la barbe. Elles sont formul\u00e9es avec des ingr\u00e9dients tels que l&rsquo;huile essentielle de bergamote, qui offre un parfum agr\u00e9able et des propri\u00e9t\u00e9s apaisantes pour la peau. Les cr\u00e8mes de barbe Bergamot aident \u00e0 adoucir les poils de la barbe, \u00e0 r\u00e9duire les frisottis et \u00e0 donner une apparence soign\u00e9e et bien entretenue. Elles peuvent \u00e9galement aider \u00e0 hydrater la peau sous la barbe, \u00e9vitant ainsi les d\u00e9mangeaisons et les irritations. Les cr\u00e8mes de barbe Bergamot sont id\u00e9ales pour ceux qui cherchent \u00e0 maintenir une barbe saine, douce et parfum\u00e9e.<\/p>\n<p>Les cr\u00e8mes de barbe Bergamot offrent plusieurs avantages :<\/p>\n<p>Hydratation : Elles hydratent les poils de la barbe, pr\u00e9venant ainsi la s\u00e9cheresse et les pointes fourchues.<\/p>\n<p>Coiffage : Elles aident \u00e0 contr\u00f4ler les frisottis et \u00e0 modeler la barbe, facilitant ainsi le coiffage et le maintien de la forme d\u00e9sir\u00e9e.<\/p>\n<p>Nourrissantes : Elles fournissent des nutriments essentiels aux follicules pileux, favorisant ainsi une croissance saine de la barbe.<\/p>\n<p>Apaisantes : Gr\u00e2ce \u00e0 l&rsquo;huile essentielle de bergamote, elles apaisent la peau sous la barbe, r\u00e9duisant les d\u00e9mangeaisons et les irritations.<\/p>\n<p>Parfum agr\u00e9able : Les cr\u00e8mes de barbe Bergamot d\u00e9gagent un parfum frais et agr\u00e9able, laissant une odeur subtile sur la barbe.<\/p>\n<p>Apparence soign\u00e9e : Elles aident \u00e0 maintenir une barbe bien entretenue, douce, lisse et bien coiff\u00e9e.<\/p>\n<p>Il est important de noter que les r\u00e9sultats peuvent varier en fonction de la personne et de l&rsquo;utilisation r\u00e9guli\u00e8re des cr\u00e8mes de barbe Bergamot.<\/p>","protected":false},"excerpt":{"rendered":"<p>Les cr\u00e8mes de barbe Bergamot offrent plusieurs avantages :<\/p>\n<p>Hydratation : Elles hydratent les poils de la barbe, pr\u00e9venant ainsi la s\u00e9cheresse et les pointes fourchues.<\/p>\n<p>Coiffage : Elles aident \u00e0 contr\u00f4ler les frisottis et \u00e0 modeler la barbe, facilitant ainsi le coiffage et le maintien de la forme d\u00e9sir\u00e9e.<\/p>\n<p>Nourrissantes : Elles fournissent des nutriments essentiels aux follicules pileux, favorisant ainsi une croissance saine de la barbe.<\/p>\n<p>Apaisantes : Gr\u00e2ce \u00e0 l&rsquo;huile essentielle de bergamote, elles apaisent la peau sous la barbe, r\u00e9duisant les d\u00e9mangeaisons et les irritations.<\/p>\n<p>Parfum agr\u00e9able : Les cr\u00e8mes de barbe Bergamot d\u00e9gagent un parfum frais et agr\u00e9able, laissant une odeur subtile sur la barbe.<\/p>\n<p>Apparence soign\u00e9e : Elles aident \u00e0 maintenir une barbe bien entretenue, douce, lisse et bien coiff\u00e9e<\/p>","protected":false},"featured_media":15310,"comment_status":"open","ping_status":"closed","template":"","meta":[],"pwb-brand":[],"product_brand":[],"product_cat":[211,236,229],"product_tag":[217,218,215,216],"class_list":{"0":"post-15236","1":"product","2":"type-product","3":"status-publish","4":"has-post-thumbnail","6":"product_cat-cosmetic","7":"product_cat-externe","8":"product_cat-sante","9":"product_tag-balm","10":"product_tag-barbes","11":"product_tag-beard","12":"product_tag-hommes","14":"first","15":"instock","16":"sale","17":"purchasable","18":"product-type-simple"},"aioseo_notices":[],"brands":[],"_links":{"self":[{"href":"https:\/\/sellamoo.com\/en\/wp-json\/wp\/v2\/product\/15236","targetHints":{"allow":["GET"]}}],"collection":[{"href":"https:\/\/sellamoo.com\/en\/wp-json\/wp\/v2\/product"}],"about":[{"href":"https:\/\/sellamoo.com\/en\/wp-json\/wp\/v2\/types\/product"}],"replies":[{"embeddable":true,"href":"https:\/\/sellamoo.com\/en\/wp-json\/wp\/v2\/comments?post=15236"}],"wp:featuredmedia":[{"embeddable":true,"href":"https:\/\/sellamoo.com\/en\/wp-json\/wp\/v2\/media\/15310"}],"wp:attachment":[{"href":"https:\/\/sellamoo.com\/en\/wp-json\/wp\/v2\/media?parent=15236"}],"wp:term":[{"taxonomy":"pwb-brand","embeddable":true,"href":"https:\/\/sellamoo.com\/en\/wp-json\/wp\/v2\/pwb-brand?post=15236"},{"taxonomy":"product_brand","embeddable":true,"href":"https:\/\/sellamoo.com\/en\/wp-json\/wp\/v2\/product_brand?post=15236"},{"taxonomy":"product_cat","embeddable":true,"href":"https:\/\/sellamoo.com\/en\/wp-json\/wp\/v2\/product_cat?post=15236"},{"taxonomy":"product_tag","embeddable":true,"href":"https:\/\/sellamoo.com\/en\/wp-json\/wp\/v2\/product_tag?post=15236"}],"curies":[{"name":"wp","href":"https:\/\/api.w.org\/{rel}","templated":true}]}}