{"id":15239,"date":"2024-05-23T20:21:32","date_gmt":"2024-05-23T18:21:32","guid":{"rendered":"https:\/\/sellamoo.com\/?post_type=product&#038;p=15239"},"modified":"2024-05-23T20:25:22","modified_gmt":"2024-05-23T18:25:22","slug":"paniers-a-pains","status":"publish","type":"product","link":"https:\/\/sellamoo.com\/en\/product\/paniers-a-pains\/","title":{"rendered":"Paniers a pains"},"content":{"rendered":"<h1><u>About<\/u><\/h1>\n<p>Les petits paniers \u00e0 pains d\u00e9coratifs compos\u00e9s de perles faites \u00e0 la main sont de v\u00e9ritables \u0153uvres d&rsquo;art qui allient fonctionnalit\u00e9 et esth\u00e9tique.<\/p>\n<h2><strong><u>l&rsquo;artisanat traditionnel<\/u><\/strong><\/h2>\n<p>Ces paniers sp\u00e9ciaux allient l&rsquo;artisanat traditionnel des paniers \u00e0 pain avec la cr\u00e9ativit\u00e9 des perles faites \u00e0 la main, cr\u00e9ant ainsi des pi\u00e8ces uniques et remarquables.<\/p>\n<h3><strong><u>Le d\u00e9tail esth\u00e9tique :<\/u><\/strong><\/h3>\n<p>Les perles fabriqu\u00e9es \u00e0 la main ajoutent une dimension artistique et personnalis\u00e9e \u00e0 ces paniers. Elles peuvent \u00eatre r\u00e9alis\u00e9es \u00e0 partir de divers mat\u00e9riaux tels que les perles de verre, de bois, de pierre naturelle, de c\u00e9ramique ou m\u00eame de perles en p\u00e2te polym\u00e8re. Chaque perle est soigneusement fa\u00e7onn\u00e9e et assembl\u00e9e pour cr\u00e9er des motifs, des couleurs et des textures uniques qui rendent chaque panier \u00e0 pain v\u00e9ritablement sp\u00e9cial.<\/p>\n<p>Ces paniers \u00e0 pain d\u00e9coratifs, orn\u00e9s de perles faites \u00e0 la main, se distinguent par leur originalit\u00e9 et leur caract\u00e8re unique. Ils ajoutent une touche d&rsquo;\u00e9l\u00e9gance et de sophistication \u00e0 votre cuisine ou \u00e0 votre table \u00e0 manger, tout en \u00e9tant fonctionnels pour contenir du pain, des petits pains ou des viennoiseries.<\/p>\n<p>Gr\u00e2ce \u00e0 la combinaison des perles faites \u00e0 la main et des paniers \u00e0 pain, ces pi\u00e8ces deviennent des objets de d\u00e9coration attrayants qui peuvent \u00e9galement \u00eatre utilis\u00e9s pour pr\u00e9senter des fruits ou d&rsquo;autres objets d\u00e9coratifs.<\/p>\n<p>En r\u00e9sum\u00e9, les petits paniers \u00e0 pains d\u00e9coratifs compos\u00e9s de perles faites \u00e0 la main sont des pi\u00e8ces uniques et artistiques qui ajoutent une touche de beaut\u00e9 et d&rsquo;originalit\u00e9 \u00e0 votre espace de vie, tout en \u00e9tant pratiques pour contenir vos produits de boulangerie pr\u00e9f\u00e9r\u00e9s.<\/p>","protected":false},"excerpt":{"rendered":"<ul>\n<li data-mce-style=\"scrollbar-width: thin; scrollbar-color: var(--pdl-bg-muted) var(--pdl-bg-base); line-height: calc(1em + 0.4375rem);\" style=\"line-height: calc(1em + 0.4375rem)\">Artisanat fait \u00e0 la main\u00a0<\/li>\n<li data-mce-style=\"scrollbar-width: thin; scrollbar-color: var(--pdl-bg-muted) var(--pdl-bg-base); line-height: calc(1em + 0.4375rem);\" style=\"line-height: calc(1em + 0.4375rem)\">Mat\u00e9riaux vari\u00e9s<\/li>\n<li data-mce-style=\"scrollbar-width: thin; scrollbar-color: var(--pdl-bg-muted) var(--pdl-bg-base); line-height: calc(1em + 0.4375rem);\" style=\"line-height: calc(1em + 0.4375rem)\">Originalit\u00e9<\/li>\n<li data-mce-style=\"scrollbar-width: thin; scrollbar-color: var(--pdl-bg-muted) var(--pdl-bg-base); line-height: calc(1em + 0.4375rem);\" style=\"line-height: calc(1em + 0.4375rem)\">Esth\u00e9tique attrayante<\/li>\n<li style=\"padding: 0px;margin: 0px\">\n<p style=\"padding: 0px;margin: 0px;line-height: calc(1em + 0.4375rem)\">Durabilit\u00e9\u00a0<\/p>\n<\/li>\n<li style=\"padding: 0px;margin: 0px\">\n<p style=\"padding: 0px;margin: 0px;line-height: calc(1em + 0.4375rem)\">Cadeau unique<\/p>\n<\/li>\n<\/ul>","protected":false},"featured_media":15326,"comment_status":"open","ping_status":"closed","template":"","meta":[],"pwb-brand":[],"product_brand":[],"product_cat":[178,209],"product_tag":[],"class_list":{"0":"post-15239","1":"product","2":"type-product","3":"status-publish","4":"has-post-thumbnail","6":"product_cat-accessoirs","7":"product_cat-decoration","9":"first","10":"instock","11":"taxable","12":"shipping-taxable","13":"purchasable","14":"product-type-simple"},"aioseo_notices":[],"brands":[],"_links":{"self":[{"href":"https:\/\/sellamoo.com\/en\/wp-json\/wp\/v2\/product\/15239","targetHints":{"allow":["GET"]}}],"collection":[{"href":"https:\/\/sellamoo.com\/en\/wp-json\/wp\/v2\/product"}],"about":[{"href":"https:\/\/sellamoo.com\/en\/wp-json\/wp\/v2\/types\/product"}],"replies":[{"embeddable":true,"href":"https:\/\/sellamoo.com\/en\/wp-json\/wp\/v2\/comments?post=15239"}],"wp:featuredmedia":[{"embeddable":true,"href":"https:\/\/sellamoo.com\/en\/wp-json\/wp\/v2\/media\/15326"}],"wp:attachment":[{"href":"https:\/\/sellamoo.com\/en\/wp-json\/wp\/v2\/media?parent=15239"}],"wp:term":[{"taxonomy":"pwb-brand","embeddable":true,"href":"https:\/\/sellamoo.com\/en\/wp-json\/wp\/v2\/pwb-brand?post=15239"},{"taxonomy":"product_brand","embeddable":true,"href":"https:\/\/sellamoo.com\/en\/wp-json\/wp\/v2\/product_brand?post=15239"},{"taxonomy":"product_cat","embeddable":true,"href":"https:\/\/sellamoo.com\/en\/wp-json\/wp\/v2\/product_cat?post=15239"},{"taxonomy":"product_tag","embeddable":true,"href":"https:\/\/sellamoo.com\/en\/wp-json\/wp\/v2\/product_tag?post=15239"}],"curies":[{"name":"wp","href":"https:\/\/api.w.org\/{rel}","templated":true}]}}