{"id":15362,"date":"2024-05-23T20:26:31","date_gmt":"2024-05-23T18:26:31","guid":{"rendered":"https:\/\/sellamoo.com\/?post_type=product&#038;p=15362"},"modified":"2024-05-23T20:30:49","modified_gmt":"2024-05-23T18:30:49","slug":"surface-laptop-4","status":"publish","type":"product","link":"https:\/\/sellamoo.com\/en\/product\/surface-laptop-4\/","title":{"rendered":"Surface Laptop 4"},"content":{"rendered":"<p>SPECIAL RAMADAN* \ud83c\udf81<\/p>\n<p>Surface Laptop 4<\/p>\n<p>-256Go SSD<br \/>\n-\u00c9cran tactile<br \/>\n-16Go Ram<br \/>\n-Core i7. 11e g\u00e9n\u00e9ration<br \/>\n-3.0Ghz processeur\ud83c\udf4e\ud83d\udca5<br \/>\n-\u2014\u2014\u2014<\/p>","protected":false},"excerpt":{"rendered":"<p>SPECIAL RAMADAN* \ud83c\udf81 Surface Laptop 4 -256Go SSD -\u00c9cran tactile -16Go Ram -Core i7. 11e g\u00e9n\u00e9ration -3.0Ghz processeur\ud83c\udf4e\ud83d\udca5 -\u2014\u2014\u2014<\/p>","protected":false},"featured_media":15446,"comment_status":"open","ping_status":"closed","template":"","meta":[],"pwb-brand":[],"product_brand":[],"product_cat":[228,231,241],"product_tag":[],"class_list":{"0":"post-15362","1":"product","2":"type-product","3":"status-publish","4":"has-post-thumbnail","6":"product_cat-appareil","7":"product_cat-electroniques","8":"product_cat-laptop","10":"first","11":"instock","12":"sale","13":"taxable","14":"shipping-taxable","15":"purchasable","16":"product-type-simple"},"aioseo_notices":[],"brands":[],"_links":{"self":[{"href":"https:\/\/sellamoo.com\/en\/wp-json\/wp\/v2\/product\/15362","targetHints":{"allow":["GET"]}}],"collection":[{"href":"https:\/\/sellamoo.com\/en\/wp-json\/wp\/v2\/product"}],"about":[{"href":"https:\/\/sellamoo.com\/en\/wp-json\/wp\/v2\/types\/product"}],"replies":[{"embeddable":true,"href":"https:\/\/sellamoo.com\/en\/wp-json\/wp\/v2\/comments?post=15362"}],"wp:featuredmedia":[{"embeddable":true,"href":"https:\/\/sellamoo.com\/en\/wp-json\/wp\/v2\/media\/15446"}],"wp:attachment":[{"href":"https:\/\/sellamoo.com\/en\/wp-json\/wp\/v2\/media?parent=15362"}],"wp:term":[{"taxonomy":"pwb-brand","embeddable":true,"href":"https:\/\/sellamoo.com\/en\/wp-json\/wp\/v2\/pwb-brand?post=15362"},{"taxonomy":"product_brand","embeddable":true,"href":"https:\/\/sellamoo.com\/en\/wp-json\/wp\/v2\/product_brand?post=15362"},{"taxonomy":"product_cat","embeddable":true,"href":"https:\/\/sellamoo.com\/en\/wp-json\/wp\/v2\/product_cat?post=15362"},{"taxonomy":"product_tag","embeddable":true,"href":"https:\/\/sellamoo.com\/en\/wp-json\/wp\/v2\/product_tag?post=15362"}],"curies":[{"name":"wp","href":"https:\/\/api.w.org\/{rel}","templated":true}]}}