{"id":15375,"date":"2024-05-23T20:27:04","date_gmt":"2024-05-23T18:27:04","guid":{"rendered":"https:\/\/sellamoo.com\/?post_type=product&#038;p=15375"},"modified":"2024-05-23T20:32:32","modified_gmt":"2024-05-23T18:32:32","slug":"tissus-pagne","status":"publish","type":"product","link":"https:\/\/sellamoo.com\/en\/product\/tissus-pagne\/","title":{"rendered":"Tissus Pagne"},"content":{"rendered":"<h3><strong>About<\/strong><\/h3>\n<p>Vous \u00eates tissus lovers? Bienvenue ici des collections de vente de tissu Nig\u00e9rian, du Bazin, des pagnes de diff\u00e9rentes qualit\u00e9s, du tissu super cent, etc&#8230; Nous vous garantissons un bon rapport qualit\u00e9-prix \ud83d\udecd\ud83d\udc5b et une bonne relation client \ud83e\udd1d\ud83e\udd1d<\/p>\n<p>Sellamoo vous pr\u00e9sente des designs avec leurs diff\u00e9rents prix&#8230;<\/p>\n<p>Nous somme ouvert a vos besoin et nous essaierons de vous satisfaire.<\/p>\n<p><strong>Type de tissus disponible<\/strong><\/p>\n<ul>\n<li>Toyobo<\/li>\n<li>Dentel\u00e9<\/li>\n<li>Ton variables<\/li>\n<li>Bazin<\/li>\n<li>Getzner<\/li>\n<li>Nextell<\/li>\n<li>Paillet\u00e9es Fashion<\/li>\n<\/ul>","protected":false},"excerpt":{"rendered":"<p><strong>Type de tissus disponible<\/strong><\/p>\n<ul>\n<li>Toyobo<\/li>\n<li>Dentel\u00e9<\/li>\n<li>Ton variables<\/li>\n<li>Bazin<\/li>\n<li>Getzner<\/li>\n<li>Nextell<\/li>\n<li>Paillet\u00e9es Fashion<\/li>\n<\/ul>","protected":false},"featured_media":15460,"comment_status":"open","ping_status":"closed","template":"","meta":[],"pwb-brand":[],"product_brand":[],"product_cat":[255,227,256,225],"product_tag":[257,258,259,260],"class_list":{"0":"post-15375","1":"product","2":"type-product","3":"status-publish","4":"has-post-thumbnail","6":"product_cat-femme-vetements","7":"product_cat-hommes","8":"product_cat-tissus-pagne","9":"product_cat-vetements","10":"product_tag-pagne-de-qualite","11":"product_tag-tissus","12":"product_tag-tissus-nigerian","13":"product_tag-tissus-pagne","15":"first","16":"outofstock","17":"sale","18":"taxable","19":"shipping-taxable","20":"product-type-variable"},"aioseo_notices":[],"brands":[],"_links":{"self":[{"href":"https:\/\/sellamoo.com\/en\/wp-json\/wp\/v2\/product\/15375","targetHints":{"allow":["GET"]}}],"collection":[{"href":"https:\/\/sellamoo.com\/en\/wp-json\/wp\/v2\/product"}],"about":[{"href":"https:\/\/sellamoo.com\/en\/wp-json\/wp\/v2\/types\/product"}],"replies":[{"embeddable":true,"href":"https:\/\/sellamoo.com\/en\/wp-json\/wp\/v2\/comments?post=15375"}],"wp:featuredmedia":[{"embeddable":true,"href":"https:\/\/sellamoo.com\/en\/wp-json\/wp\/v2\/media\/15460"}],"wp:attachment":[{"href":"https:\/\/sellamoo.com\/en\/wp-json\/wp\/v2\/media?parent=15375"}],"wp:term":[{"taxonomy":"pwb-brand","embeddable":true,"href":"https:\/\/sellamoo.com\/en\/wp-json\/wp\/v2\/pwb-brand?post=15375"},{"taxonomy":"product_brand","embeddable":true,"href":"https:\/\/sellamoo.com\/en\/wp-json\/wp\/v2\/product_brand?post=15375"},{"taxonomy":"product_cat","embeddable":true,"href":"https:\/\/sellamoo.com\/en\/wp-json\/wp\/v2\/product_cat?post=15375"},{"taxonomy":"product_tag","embeddable":true,"href":"https:\/\/sellamoo.com\/en\/wp-json\/wp\/v2\/product_tag?post=15375"}],"curies":[{"name":"wp","href":"https:\/\/api.w.org\/{rel}","templated":true}]}}