{"id":15429,"date":"2024-05-23T20:29:58","date_gmt":"2024-05-23T18:29:58","guid":{"rendered":"https:\/\/sellamoo.com\/?post_type=product&#038;p=15429"},"modified":"2024-05-23T20:33:41","modified_gmt":"2024-05-23T18:33:41","slug":"ensemble-rideaux","status":"publish","type":"product","link":"https:\/\/sellamoo.com\/en\/product\/ensemble-rideaux\/","title":{"rendered":"Ensemble Rideaux"},"content":{"rendered":"<h2><strong><u>A propos : <\/u><\/strong><\/h2>\n<p>Quoi de plus beau que de bien d\u00e9corer vos entr\u00e9e de maison avec des ensembles rideaux assorti. Que se soit pour vos fen\u00eatres, ou vos portes, ses rideaux souhaiterons la bienvenue a vos chers visiteurs.<\/p>\n<p><strong><u>Mati\u00e8re :<\/u><\/strong><\/p>\n<ul>\n<li>Standard de qualit\u00e9.<\/li>\n<li>Lourd de qualit\u00e9.<\/li>\n<\/ul>\n<p><strong><u>Quantit\u00e9 :<\/u><\/strong><\/p>\n<ul>\n<li>3 pi\u00e8ces.<\/li>\n<li>5 pi\u00e8ces.<\/li>\n<\/ul>\n<p><strong><u>Livraison :<\/u><\/strong><\/p>\n<ul>\n<li>Gratuit.<\/li>\n<li>ou Venez r\u00e9cup\u00e9rer.<\/li>\n<\/ul>","protected":false},"excerpt":{"rendered":"<p>A propos : Quoi de plus beau que de bien d\u00e9corer vos entr\u00e9e de maison avec des ensembles rideaux assorti. Que se soit pour vos fen\u00eatres, ou vos portes, ses rideaux souhaiterons la bienvenue a vos chers visiteurs. Mati\u00e8re : Standard de qualit\u00e9. Lourd de qualit\u00e9. Quantit\u00e9 : 3 pi\u00e8ces. 5 pi\u00e8ces. Livraison : Gratuit. [&hellip;]<\/p>","protected":false},"featured_media":15490,"comment_status":"open","ping_status":"closed","template":"","meta":[],"pwb-brand":[],"product_brand":[],"product_cat":[178,209],"product_tag":[],"class_list":{"0":"post-15429","1":"product","2":"type-product","3":"status-publish","4":"has-post-thumbnail","6":"product_cat-accessoirs","7":"product_cat-decoration","9":"first","10":"instock","11":"sale","12":"taxable","13":"shipping-taxable","14":"purchasable","15":"product-type-variable"},"aioseo_notices":[],"brands":[],"_links":{"self":[{"href":"https:\/\/sellamoo.com\/en\/wp-json\/wp\/v2\/product\/15429","targetHints":{"allow":["GET"]}}],"collection":[{"href":"https:\/\/sellamoo.com\/en\/wp-json\/wp\/v2\/product"}],"about":[{"href":"https:\/\/sellamoo.com\/en\/wp-json\/wp\/v2\/types\/product"}],"replies":[{"embeddable":true,"href":"https:\/\/sellamoo.com\/en\/wp-json\/wp\/v2\/comments?post=15429"}],"wp:featuredmedia":[{"embeddable":true,"href":"https:\/\/sellamoo.com\/en\/wp-json\/wp\/v2\/media\/15490"}],"wp:attachment":[{"href":"https:\/\/sellamoo.com\/en\/wp-json\/wp\/v2\/media?parent=15429"}],"wp:term":[{"taxonomy":"pwb-brand","embeddable":true,"href":"https:\/\/sellamoo.com\/en\/wp-json\/wp\/v2\/pwb-brand?post=15429"},{"taxonomy":"product_brand","embeddable":true,"href":"https:\/\/sellamoo.com\/en\/wp-json\/wp\/v2\/product_brand?post=15429"},{"taxonomy":"product_cat","embeddable":true,"href":"https:\/\/sellamoo.com\/en\/wp-json\/wp\/v2\/product_cat?post=15429"},{"taxonomy":"product_tag","embeddable":true,"href":"https:\/\/sellamoo.com\/en\/wp-json\/wp\/v2\/product_tag?post=15429"}],"curies":[{"name":"wp","href":"https:\/\/api.w.org\/{rel}","templated":true}]}}