{"id":15454,"date":"2024-05-23T20:30:52","date_gmt":"2024-05-23T18:30:52","guid":{"rendered":"https:\/\/sellamoo.com\/?post_type=product&#038;p=15454"},"modified":"2024-05-23T20:34:42","modified_gmt":"2024-05-23T18:34:42","slug":"collection-laptop-dell","status":"publish","type":"product","link":"https:\/\/sellamoo.com\/en\/product\/collection-laptop-dell\/","title":{"rendered":"Collection Laptop Dell"},"content":{"rendered":"<p>Marque : Dell<\/p>\n<p>Mod\u00e8le : Latitude<\/p>\n<p>Characteristics:<\/p>\n<p>Ecran tactile<br \/>\n15.6 pouces<br \/>\nProcesseur :<br \/>\nCore: i3<br \/>\nG\u00e9n\u00e9ration : 7em<br \/>\nRAM: 8Gb<br \/>\nStockage: 500Gb HDD<\/p>","protected":false},"excerpt":{"rendered":"<p>Marque : Dell Mod\u00e8le : Latitude Characteristics: Ecran tactile 15.6 pouces Processeur : Core: i3 G\u00e9n\u00e9ration : 7em RAM: 8Gb Stockage: 500Gb HDD<\/p>","protected":false},"featured_media":15508,"comment_status":"open","ping_status":"closed","template":"","meta":[],"pwb-brand":[],"product_brand":[],"product_cat":[126],"product_tag":[],"class_list":{"0":"post-15454","1":"product","2":"type-product","3":"status-publish","4":"has-post-thumbnail","6":"product_cat-uncategorized","8":"first","9":"instock","10":"sale","11":"taxable","12":"shipping-taxable","13":"purchasable","14":"product-type-variable"},"aioseo_notices":[],"brands":[],"_links":{"self":[{"href":"https:\/\/sellamoo.com\/en\/wp-json\/wp\/v2\/product\/15454","targetHints":{"allow":["GET"]}}],"collection":[{"href":"https:\/\/sellamoo.com\/en\/wp-json\/wp\/v2\/product"}],"about":[{"href":"https:\/\/sellamoo.com\/en\/wp-json\/wp\/v2\/types\/product"}],"replies":[{"embeddable":true,"href":"https:\/\/sellamoo.com\/en\/wp-json\/wp\/v2\/comments?post=15454"}],"wp:featuredmedia":[{"embeddable":true,"href":"https:\/\/sellamoo.com\/en\/wp-json\/wp\/v2\/media\/15508"}],"wp:attachment":[{"href":"https:\/\/sellamoo.com\/en\/wp-json\/wp\/v2\/media?parent=15454"}],"wp:term":[{"taxonomy":"pwb-brand","embeddable":true,"href":"https:\/\/sellamoo.com\/en\/wp-json\/wp\/v2\/pwb-brand?post=15454"},{"taxonomy":"product_brand","embeddable":true,"href":"https:\/\/sellamoo.com\/en\/wp-json\/wp\/v2\/product_brand?post=15454"},{"taxonomy":"product_cat","embeddable":true,"href":"https:\/\/sellamoo.com\/en\/wp-json\/wp\/v2\/product_cat?post=15454"},{"taxonomy":"product_tag","embeddable":true,"href":"https:\/\/sellamoo.com\/en\/wp-json\/wp\/v2\/product_tag?post=15454"}],"curies":[{"name":"wp","href":"https:\/\/api.w.org\/{rel}","templated":true}]}}