{"id":17591,"date":"2025-06-13T01:55:48","date_gmt":"2025-06-12T23:55:48","guid":{"rendered":"https:\/\/sellamoo.com\/produit\/autodesk-autocad-revit-2025\/"},"modified":"2025-11-30T23:00:21","modified_gmt":"2025-11-30T22:00:21","slug":"autodesk-autocad-revit-2025","status":"publish","type":"product","link":"https:\/\/sellamoo.com\/en\/product\/autodesk-autocad-revit-2025\/","title":{"rendered":"AUTODESK (AUTOCAD &amp; REVIT) 2025"},"content":{"rendered":"<p>Une collection de pr\u00e8s de 40 logiciels d&rsquo;architecture et de B\u00e2timents r\u00e9parti par module de 4 ( 2 par version).<\/p>\n<p>Ce modules comporte exactement 3 logiciel de la gamme Autodesk :<\/p>\n<ul>\n<li>AUTOCAD 2019 , 2025<\/li>\n<li>REVIT 2019, 2025<\/li>\n<\/ul>\n<p>LICENCE DISPONIBLE A VIE.<\/p>\n<h2><strong>Prix : 39900 xaf<\/strong><\/h2>","protected":false},"excerpt":{"rendered":"<p>Une collection de pr\u00e8s de 40 logiciels d&rsquo;architecture et de B\u00e2timents r\u00e9parti par module de 4 ( 2 par version). Ce modules comporte exactement 3 logiciel de la gamme Autodesk : AUTOCAD 2019 , 2025 REVIT 2019, 2025 LICENCE DISPONIBLE A VIE. Prix : 39900 xaf<\/p>","protected":false},"featured_media":17590,"comment_status":"open","ping_status":"closed","template":"","meta":[],"pwb-brand":[],"product_brand":[],"product_cat":[390,117],"product_tag":[],"class_list":{"0":"post-17591","1":"product","2":"type-product","3":"status-publish","4":"has-post-thumbnail","6":"product_cat-btp","7":"product_cat-logiciels","9":"first","10":"instock","11":"virtual","12":"sold-individually","13":"taxable","14":"purchasable","15":"product-type-simple"},"aioseo_notices":[],"brands":[],"_links":{"self":[{"href":"https:\/\/sellamoo.com\/en\/wp-json\/wp\/v2\/product\/17591","targetHints":{"allow":["GET"]}}],"collection":[{"href":"https:\/\/sellamoo.com\/en\/wp-json\/wp\/v2\/product"}],"about":[{"href":"https:\/\/sellamoo.com\/en\/wp-json\/wp\/v2\/types\/product"}],"replies":[{"embeddable":true,"href":"https:\/\/sellamoo.com\/en\/wp-json\/wp\/v2\/comments?post=17591"}],"wp:featuredmedia":[{"embeddable":true,"href":"https:\/\/sellamoo.com\/en\/wp-json\/wp\/v2\/media\/17590"}],"wp:attachment":[{"href":"https:\/\/sellamoo.com\/en\/wp-json\/wp\/v2\/media?parent=17591"}],"wp:term":[{"taxonomy":"pwb-brand","embeddable":true,"href":"https:\/\/sellamoo.com\/en\/wp-json\/wp\/v2\/pwb-brand?post=17591"},{"taxonomy":"product_brand","embeddable":true,"href":"https:\/\/sellamoo.com\/en\/wp-json\/wp\/v2\/product_brand?post=17591"},{"taxonomy":"product_cat","embeddable":true,"href":"https:\/\/sellamoo.com\/en\/wp-json\/wp\/v2\/product_cat?post=17591"},{"taxonomy":"product_tag","embeddable":true,"href":"https:\/\/sellamoo.com\/en\/wp-json\/wp\/v2\/product_tag?post=17591"}],"curies":[{"name":"wp","href":"https:\/\/api.w.org\/{rel}","templated":true}]}}