{"id":18123,"date":"2025-11-17T22:22:29","date_gmt":"2025-11-17T21:22:29","guid":{"rendered":"https:\/\/sellamoo.com\/produit\/hp-probook-core-i5\/"},"modified":"2025-11-30T23:00:21","modified_gmt":"2025-11-30T22:00:21","slug":"laptop-professionnel-medion","status":"publish","type":"product","link":"https:\/\/sellamoo.com\/en\/product\/laptop-professionnel-medion\/","title":{"rendered":"Laptop Professionnel MEDION (\u00e9dition Sp\u00e9ciale)"},"content":{"rendered":"<p>Laptop Professionnel MEDION<br \/>\n\ud83d\udc49\ud83c\udffeCore I5<br \/>\n\ud83d\udc49\ud83c\udffe11\u00e8me g\u00e9n\u00e9ration<br \/>\n\ud83d\udc49\ud83c\udffeRam 8go<br \/>\n\ud83d\udc49\ud83c\udffeSSD 256go<br \/>\n\ud83d\udc49\ud83c\udffe \u00e9cran 15.6<br \/>\n\ud83d\udc49\ud83c\udffeIntel iris<br \/>\n\ud83d\udc49\ud83c\udffe autonomie 4h<\/p>","protected":false},"excerpt":{"rendered":"<p>Laptop Professionnel MEDION \ud83d\udc49\ud83c\udffeCore I5 \ud83d\udc49\ud83c\udffe11\u00e8me g\u00e9n\u00e9ration \ud83d\udc49\ud83c\udffeRam 8go \ud83d\udc49\ud83c\udffeSSD 256go \ud83d\udc49\ud83c\udffe \u00e9cran 15.6 \ud83d\udc49\ud83c\udffeIntel iris \ud83d\udc49\ud83c\udffe autonomie 4h<\/p>","protected":false},"featured_media":18116,"comment_status":"open","ping_status":"closed","template":"","meta":[],"pwb-brand":[],"product_brand":[],"product_cat":[228,231,241,268],"product_tag":[],"class_list":{"0":"post-18123","1":"product","2":"type-product","3":"status-publish","4":"has-post-thumbnail","6":"product_cat-appareil","7":"product_cat-electroniques","8":"product_cat-laptop","9":"product_cat-ordinateurs","11":"first","12":"instock","13":"taxable","14":"shipping-taxable","15":"purchasable","16":"product-type-simple"},"aioseo_notices":[],"brands":[],"_links":{"self":[{"href":"https:\/\/sellamoo.com\/en\/wp-json\/wp\/v2\/product\/18123","targetHints":{"allow":["GET"]}}],"collection":[{"href":"https:\/\/sellamoo.com\/en\/wp-json\/wp\/v2\/product"}],"about":[{"href":"https:\/\/sellamoo.com\/en\/wp-json\/wp\/v2\/types\/product"}],"replies":[{"embeddable":true,"href":"https:\/\/sellamoo.com\/en\/wp-json\/wp\/v2\/comments?post=18123"}],"wp:featuredmedia":[{"embeddable":true,"href":"https:\/\/sellamoo.com\/en\/wp-json\/wp\/v2\/media\/18116"}],"wp:attachment":[{"href":"https:\/\/sellamoo.com\/en\/wp-json\/wp\/v2\/media?parent=18123"}],"wp:term":[{"taxonomy":"pwb-brand","embeddable":true,"href":"https:\/\/sellamoo.com\/en\/wp-json\/wp\/v2\/pwb-brand?post=18123"},{"taxonomy":"product_brand","embeddable":true,"href":"https:\/\/sellamoo.com\/en\/wp-json\/wp\/v2\/product_brand?post=18123"},{"taxonomy":"product_cat","embeddable":true,"href":"https:\/\/sellamoo.com\/en\/wp-json\/wp\/v2\/product_cat?post=18123"},{"taxonomy":"product_tag","embeddable":true,"href":"https:\/\/sellamoo.com\/en\/wp-json\/wp\/v2\/product_tag?post=18123"}],"curies":[{"name":"wp","href":"https:\/\/api.w.org\/{rel}","templated":true}]}}