{"id":18139,"date":"2025-11-17T22:42:09","date_gmt":"2025-11-17T21:42:09","guid":{"rendered":"https:\/\/sellamoo.com\/produit\/hp-probook-core-i5-8eme-generation\/"},"modified":"2025-11-30T23:00:21","modified_gmt":"2025-11-30T22:00:21","slug":"hp-probook-core-i5-8eme-generation","status":"publish","type":"product","link":"https:\/\/sellamoo.com\/en\/product\/hp-probook-core-i5-8eme-generation\/","title":{"rendered":"HP PROBOOK Core i5 8\u00e8me g\u00e9n\u00e9ration"},"content":{"rendered":"<p><strong><u>HP PROBOOK<\/u><\/strong><\/p>\n<p>\ud83d\udc49\ud83c\udffe core I5 8\u00e8me g\u00e9n\u00e9ration<\/p>\n<p>\ud83d\udc49\ud83c\udffe stockage: 256 SSD<\/p>\n<p>\ud83d\udc49\ud83c\udfferam: 8go<\/p>\n<p>\ud83d\udc49\ud83c\udffe\u00e9cran tactile 14\u2019\u2019<\/p>\n<p>\ud83d\udc49\ud83c\udffe Autonomie 2 \u00e0 3h<\/p>","protected":false},"excerpt":{"rendered":"<p>HP PROBOOK \ud83d\udc49\ud83c\udffe core I5 8\u00e8me g\u00e9n\u00e9ration \ud83d\udc49\ud83c\udffe stockage: 256 SSD \ud83d\udc49\ud83c\udfferam: 8go \ud83d\udc49\ud83c\udffe\u00e9cran tactile 14\u2019\u2019 \ud83d\udc49\ud83c\udffe Autonomie 2 \u00e0 3h<\/p>","protected":false},"featured_media":18132,"comment_status":"open","ping_status":"closed","template":"","meta":[],"pwb-brand":[],"product_brand":[],"product_cat":[15],"product_tag":[],"class_list":{"0":"post-18139","1":"product","2":"type-product","3":"status-publish","4":"has-post-thumbnail","6":"product_cat-non-classe","8":"first","9":"instock","10":"taxable","11":"shipping-taxable","12":"purchasable","13":"product-type-simple"},"aioseo_notices":[],"brands":[],"_links":{"self":[{"href":"https:\/\/sellamoo.com\/en\/wp-json\/wp\/v2\/product\/18139","targetHints":{"allow":["GET"]}}],"collection":[{"href":"https:\/\/sellamoo.com\/en\/wp-json\/wp\/v2\/product"}],"about":[{"href":"https:\/\/sellamoo.com\/en\/wp-json\/wp\/v2\/types\/product"}],"replies":[{"embeddable":true,"href":"https:\/\/sellamoo.com\/en\/wp-json\/wp\/v2\/comments?post=18139"}],"wp:featuredmedia":[{"embeddable":true,"href":"https:\/\/sellamoo.com\/en\/wp-json\/wp\/v2\/media\/18132"}],"wp:attachment":[{"href":"https:\/\/sellamoo.com\/en\/wp-json\/wp\/v2\/media?parent=18139"}],"wp:term":[{"taxonomy":"pwb-brand","embeddable":true,"href":"https:\/\/sellamoo.com\/en\/wp-json\/wp\/v2\/pwb-brand?post=18139"},{"taxonomy":"product_brand","embeddable":true,"href":"https:\/\/sellamoo.com\/en\/wp-json\/wp\/v2\/product_brand?post=18139"},{"taxonomy":"product_cat","embeddable":true,"href":"https:\/\/sellamoo.com\/en\/wp-json\/wp\/v2\/product_cat?post=18139"},{"taxonomy":"product_tag","embeddable":true,"href":"https:\/\/sellamoo.com\/en\/wp-json\/wp\/v2\/product_tag?post=18139"}],"curies":[{"name":"wp","href":"https:\/\/api.w.org\/{rel}","templated":true}]}}