{"id":18194,"date":"2025-11-21T12:55:07","date_gmt":"2025-11-21T11:55:07","guid":{"rendered":"https:\/\/sellamoo.com\/produit\/hp-pavillon-15t-gen-11\/"},"modified":"2025-11-21T12:55:54","modified_gmt":"2025-11-21T11:55:54","slug":"hp-pavillon-15t-gen-11","status":"publish","type":"product","link":"https:\/\/sellamoo.com\/en\/product\/hp-pavillon-15t-gen-11\/","title":{"rendered":"HP PAVILLON 15t gen-11"},"content":{"rendered":"<p>HP PAVILLON 15t<br \/>\n\ud83d\udc49\ud83c\udffecore I7<br \/>\n\ud83d\udc49\ud83c\udffe11\u00e8me g\u00e9n\u00e9ration<br \/>\n\ud83d\udc49\ud83c\udffeSSD 1To<br \/>\n\ud83d\udc49\ud83c\udffeRam: 8go<br \/>\n\ud83d\udc49\ud83c\udffeecran 15 pouces<br \/>\n\ud83d\udc49\ud83c\udffeAntonie 3 a 4h<\/p>\n<p>Le HP Pavilion 15t est un ordinateur portable performant, \u00e9quip\u00e9 d&rsquo;un processeur Intel Core i7 de 11\u00e8me g\u00e9n\u00e9ration. Il dispose d&rsquo;un stockage SSD de 1 To pour une rapidit\u00e9 accrue et d&rsquo;une m\u00e9moire vive (RAM) de 8 Go, id\u00e9ale pour le multit\u00e2che. Son \u00e9cran de 15 pouces offre un affichage confortable. L&rsquo;autonomie de la batterie est estim\u00e9e entre 3 et 4 heures.<\/p>","protected":false},"excerpt":{"rendered":"<p>HP PAVILLON 15t \ud83d\udc49\ud83c\udffecore I7 \ud83d\udc49\ud83c\udffe11\u00e8me g\u00e9n\u00e9ration \ud83d\udc49\ud83c\udffeSSD 1To \ud83d\udc49\ud83c\udffeRam: 8go \ud83d\udc49\ud83c\udffeecran 15 pouces \ud83d\udc49\ud83c\udffeAntonie 3 a 4h Le HP Pavilion 15t est un ordinateur portable performant, \u00e9quip\u00e9 d&rsquo;un processeur Intel Core i7 de 11\u00e8me g\u00e9n\u00e9ration. Il dispose d&rsquo;un stockage SSD de 1 To pour une rapidit\u00e9 accrue et d&rsquo;une m\u00e9moire vive (RAM) de 8 [&hellip;]<\/p>","protected":false},"featured_media":18186,"comment_status":"open","ping_status":"closed","template":"","meta":[],"pwb-brand":[],"product_brand":[],"product_cat":[15,228,231,241,268],"product_tag":[],"class_list":{"0":"post-18194","1":"product","2":"type-product","3":"status-publish","4":"has-post-thumbnail","6":"product_cat-non-classe","7":"product_cat-appareil","8":"product_cat-electroniques","9":"product_cat-laptop","10":"product_cat-ordinateurs","12":"first","13":"instock","14":"sale","15":"taxable","16":"shipping-taxable","17":"purchasable","18":"product-type-simple"},"aioseo_notices":[],"brands":[],"_links":{"self":[{"href":"https:\/\/sellamoo.com\/en\/wp-json\/wp\/v2\/product\/18194","targetHints":{"allow":["GET"]}}],"collection":[{"href":"https:\/\/sellamoo.com\/en\/wp-json\/wp\/v2\/product"}],"about":[{"href":"https:\/\/sellamoo.com\/en\/wp-json\/wp\/v2\/types\/product"}],"replies":[{"embeddable":true,"href":"https:\/\/sellamoo.com\/en\/wp-json\/wp\/v2\/comments?post=18194"}],"wp:featuredmedia":[{"embeddable":true,"href":"https:\/\/sellamoo.com\/en\/wp-json\/wp\/v2\/media\/18186"}],"wp:attachment":[{"href":"https:\/\/sellamoo.com\/en\/wp-json\/wp\/v2\/media?parent=18194"}],"wp:term":[{"taxonomy":"pwb-brand","embeddable":true,"href":"https:\/\/sellamoo.com\/en\/wp-json\/wp\/v2\/pwb-brand?post=18194"},{"taxonomy":"product_brand","embeddable":true,"href":"https:\/\/sellamoo.com\/en\/wp-json\/wp\/v2\/product_brand?post=18194"},{"taxonomy":"product_cat","embeddable":true,"href":"https:\/\/sellamoo.com\/en\/wp-json\/wp\/v2\/product_cat?post=18194"},{"taxonomy":"product_tag","embeddable":true,"href":"https:\/\/sellamoo.com\/en\/wp-json\/wp\/v2\/product_tag?post=18194"}],"curies":[{"name":"wp","href":"https:\/\/api.w.org\/{rel}","templated":true}]}}