{"id":18205,"date":"2025-11-25T09:40:40","date_gmt":"2025-11-25T08:40:40","guid":{"rendered":"https:\/\/sellamoo.com\/produit\/hp-zbook-i7-gen11\/"},"modified":"2025-11-25T09:41:48","modified_gmt":"2025-11-25T08:41:48","slug":"hp-zbook-i7-gen11","status":"publish","type":"product","link":"https:\/\/sellamoo.com\/en\/product\/hp-zbook-i7-gen11\/","title":{"rendered":"HP ZBook i7 gen11"},"content":{"rendered":"<p>HP ZBOOK<\/p>\n<p>\ud83d\udc49\ud83c\udffe Intel core I7<\/p>\n<p>\ud83d\udc49\ud83c\udffe 11th g\u00e9n\u00e9ration<\/p>\n<p>\ud83d\udc49\ud83c\udffe 512 go SSD<\/p>\n<p>\ud83d\udc49\ud83c\udffe16 go de RAM<\/p>\n<p>\ud83d\udc49\ud83c\udffeNvidia graphique T500<\/p>\n<p>\ud83d\udc49\ud83c\udffem\u00e9moire d\u00e9dier 4go<\/p>\n<p>\ud83d\udc49\ud83c\udffe Ecran 13\u2019\u2019<\/p>\n<p>\ud83d\udc49\ud83c\udffeWindows 11 professionnels<\/p>\n<p>Le HP ZBook poss\u00e8de plusieurs caract\u00e9ristiques qui en font une station de travail mobile performante. Voici quelques-unes de ses principales caract\u00e9ristiques :<\/p>\n<p>Caract\u00e9ristiques g\u00e9n\u00e9rales:<\/p>\n<p>Processeurs: Il est \u00e9quip\u00e9 de processeurs Intel Core ou Xeon .<br \/>\n\u00c9cran: Il propose diff\u00e9rents types d&rsquo;\u00e9crans, y compris des \u00e9crans avec une r\u00e9solution QHD (2560 x 1440) et FHD (1920&#215;1080) . Certains mod\u00e8les ont un \u00e9cran antireflet, UWVA, Low Blue Light et 100% sRGB .<br \/>\nM\u00e9moire: Il est dot\u00e9 d&rsquo;une m\u00e9moire vive importante .<br \/>\nStockage: Il offre des options de stockage, y compris des disques durs et des disques SSD .<br \/>\nGraphiques: Il est \u00e9quip\u00e9 de cartes graphiques NVIDIA ou AMD de haute qualit\u00e9 .<br \/>\nClavier: Il est \u00e9quip\u00e9 d&rsquo;un clavier AZERTY .<br \/>\nSyst\u00e8me d&rsquo;exploitation: Il peut \u00eatre \u00e9quip\u00e9 de Windows 11 Professionnel .<\/p>\n<p>Autres caract\u00e9ristiques:<\/p>\n<p>Il est con\u00e7u pour les flux de travail 3D lourds .<br \/>\nIl est recommand\u00e9 pour les professionnels exigeants, les cr\u00e9ateurs de contenu, les ing\u00e9nieurs et les architectes .<br \/>\nIl offre des performances exceptionnelles, une s\u00e9curit\u00e9 avanc\u00e9e et une conception robuste .<\/p>\n<p>En r\u00e9sum\u00e9, le HP ZBook est une station de travail mobile puissante et polyvalente, con\u00e7ue pour r\u00e9pondre aux besoins des professionnels.<\/p>","protected":false},"excerpt":{"rendered":"<p>HP ZBOOK \ud83d\udc49\ud83c\udffe Intel core I7 \ud83d\udc49\ud83c\udffe 11th g\u00e9n\u00e9ration \ud83d\udc49\ud83c\udffe 512 go SSD \ud83d\udc49\ud83c\udffe16 go de RAM \ud83d\udc49\ud83c\udffeNvidia graphique T500 \ud83d\udc49\ud83c\udffem\u00e9moire d\u00e9dier 4go \ud83d\udc49\ud83c\udffe Ecran 13\u2019\u2019 \ud83d\udc49\ud83c\udffeWindows 11 professionnels Le HP ZBook poss\u00e8de plusieurs caract\u00e9ristiques qui en font une station de travail mobile performante. Voici quelques-unes de ses principales caract\u00e9ristiques : Caract\u00e9ristiques g\u00e9n\u00e9rales: Processeurs: Il [&hellip;]<\/p>","protected":false},"featured_media":18195,"comment_status":"open","ping_status":"closed","template":"","meta":[],"pwb-brand":[],"product_brand":[],"product_cat":[228,241,83,268],"product_tag":[],"class_list":{"0":"post-18205","1":"product","2":"type-product","3":"status-publish","4":"has-post-thumbnail","6":"product_cat-appareil","7":"product_cat-laptop","8":"product_cat-laptops","9":"product_cat-ordinateurs","11":"first","12":"instock","13":"sale","14":"taxable","15":"shipping-taxable","16":"purchasable","17":"product-type-simple"},"aioseo_notices":[],"brands":[],"_links":{"self":[{"href":"https:\/\/sellamoo.com\/en\/wp-json\/wp\/v2\/product\/18205","targetHints":{"allow":["GET"]}}],"collection":[{"href":"https:\/\/sellamoo.com\/en\/wp-json\/wp\/v2\/product"}],"about":[{"href":"https:\/\/sellamoo.com\/en\/wp-json\/wp\/v2\/types\/product"}],"replies":[{"embeddable":true,"href":"https:\/\/sellamoo.com\/en\/wp-json\/wp\/v2\/comments?post=18205"}],"wp:featuredmedia":[{"embeddable":true,"href":"https:\/\/sellamoo.com\/en\/wp-json\/wp\/v2\/media\/18195"}],"wp:attachment":[{"href":"https:\/\/sellamoo.com\/en\/wp-json\/wp\/v2\/media?parent=18205"}],"wp:term":[{"taxonomy":"pwb-brand","embeddable":true,"href":"https:\/\/sellamoo.com\/en\/wp-json\/wp\/v2\/pwb-brand?post=18205"},{"taxonomy":"product_brand","embeddable":true,"href":"https:\/\/sellamoo.com\/en\/wp-json\/wp\/v2\/product_brand?post=18205"},{"taxonomy":"product_cat","embeddable":true,"href":"https:\/\/sellamoo.com\/en\/wp-json\/wp\/v2\/product_cat?post=18205"},{"taxonomy":"product_tag","embeddable":true,"href":"https:\/\/sellamoo.com\/en\/wp-json\/wp\/v2\/product_tag?post=18205"}],"curies":[{"name":"wp","href":"https:\/\/api.w.org\/{rel}","templated":true}]}}