{"id":18219,"date":"2025-11-29T15:35:20","date_gmt":"2025-11-29T14:35:20","guid":{"rendered":"https:\/\/sellamoo.com\/produit\/collection-adobe-creative-cloud\/"},"modified":"2025-12-01T15:43:44","modified_gmt":"2025-12-01T14:43:44","slug":"collection-adobe-creative-cloud","status":"publish","type":"product","link":"https:\/\/sellamoo.com\/en\/product\/collection-adobe-creative-cloud\/","title":{"rendered":"Collection Adobe cr\u00e9ative Cloud"},"content":{"rendered":"<p>Adobe Creative Cloud 2025<\/p>\n<p>Incontournable pour les cr\u00e9atifs professionnels et passionn\u00e9s, offrant plus de 20 applications sp\u00e9cialis\u00e9es et des services cloud int\u00e9gr\u00e9s. Voici une analyse d\u00e9taill\u00e9e de ses composants : <\/p>\n<p>  ### 1. Applications phares et leurs usages<br \/>\n  &#8211; Photographie : Photoshop pour le retouche photo avanc\u00e9e et Lightroom pour la gestion des clich\u00e9s .<br \/>\n  &#8211; Design graphique : Illustrator (cr\u00e9ation vectorielle) et InDesign (mise en page professionnelle) pour les supports imprim\u00e9s ou digitaux .<br \/>\n  &#8211; Vid\u00e9o et animation : Premiere Pro (montage vid\u00e9o), After Effects (effets sp\u00e9ciaux) et Audition (mixage audio) pour des productions cin\u00e9matographiques .<br \/>\n  &#8211; UX\/UI et web : Adobe XD permet de concevoir des prototypes interactifs, tandis Dreamweaver facilite le d\u00e9veloppement web .   <\/p>\n<p>  ### 2. Fonctionnalit\u00e9s cloud et collaboration<br \/>\n  Les utilisateurs b\u00e9n\u00e9ficient de<\/p>\n<p>100 Go de stockage cloud pour synchroniser leurs projets, partager des fichiers et collaborer en temps r\u00e9el via Creative Cloud Libraries. Des ressources comme Adobe Fonts (polices illimit\u00e9es) et Adobe Stock (banque d\u2019images premium) enrichissent les cr\u00e9ations .   <\/p>\n<p>  ### 3. Formules d\u2019abonnement<br \/>\n  &#8211; Tout Creative Cloud : Acc\u00e8s complet \u00e0 toutes les applications (id\u00e9al pour les agences ou multit\u00e2ches) .<br \/>\n  &#8211; Photographie : Inclut Photoshop et Lightroom (parfait pour les photographes) .<br \/>\n  &#8211; Adobe Express Premium : Outils simplifi\u00e9s pour les r\u00e9seaux sociaux et designs rapides .<br \/>\n  &#8211; Options sectorielles : Plans d\u00e9di\u00e9s \u00e0 la vid\u00e9o, \u00e0 l\u2019\u00e9dition ou au PDF avec Acrobat Pro .   <\/p>\n<p>  ### 4. Avantages cl\u00e9s<br \/>\n  &#8211; Mises \u00e0 jour r\u00e9guli\u00e8res : Nouvelles fonctionnalit\u00e9s et corrections automatiques.<br \/>\n  &#8211; Int\u00e9gration cross-applications : Workflow fluide entre les logiciels (exporter un projet d\u2019Illustrator vers After Effects) .<br \/>\n  &#8211; Communaut\u00e9 et support : Tutoriels via Adobe Live et assistance technique 24\/7 .   <\/p>\n<p>  Con\u00e7u pour r\u00e9pondre aux besoins vari\u00e9s, Adobe Creative Cloud s\u2019adapte aussi bien aux ind\u00e9pendants qu\u2019aux grandes entreprises, consolidant son statut de leader dans l\u2019\u00e9cosyst\u00e8me cr\u00e9atif num\u00e9rique .<\/p>\n<h1 style=\"text-align:center\"><strong>Obtenez une cl\u00e9 de licence en passant votre commande.<\/strong><\/h1>","protected":false},"excerpt":{"rendered":"<p>Adobe Creative Cloud 2025 Incontournable pour les cr\u00e9atifs professionnels et passionn\u00e9s, offrant plus de 20 applications sp\u00e9cialis\u00e9es et des services cloud int\u00e9gr\u00e9s. Voici une analyse d\u00e9taill\u00e9e de ses composants : ### 1. Applications phares et leurs usages &#8211; Photographie : Photoshop pour le retouche photo avanc\u00e9e et Lightroom pour la gestion des clich\u00e9s . &#8211; [&hellip;]<\/p>","protected":false},"featured_media":18217,"comment_status":"open","ping_status":"closed","template":"","meta":[],"pwb-brand":[],"product_brand":[],"product_cat":[404,117],"product_tag":[],"class_list":{"0":"post-18219","1":"product","2":"type-product","3":"status-publish","4":"has-post-thumbnail","6":"product_cat-adobe","7":"product_cat-logiciels","9":"first","10":"instock","11":"sale","12":"virtual","13":"taxable","14":"purchasable","15":"product-type-simple"},"aioseo_notices":[],"brands":[],"_links":{"self":[{"href":"https:\/\/sellamoo.com\/en\/wp-json\/wp\/v2\/product\/18219","targetHints":{"allow":["GET"]}}],"collection":[{"href":"https:\/\/sellamoo.com\/en\/wp-json\/wp\/v2\/product"}],"about":[{"href":"https:\/\/sellamoo.com\/en\/wp-json\/wp\/v2\/types\/product"}],"replies":[{"embeddable":true,"href":"https:\/\/sellamoo.com\/en\/wp-json\/wp\/v2\/comments?post=18219"}],"wp:featuredmedia":[{"embeddable":true,"href":"https:\/\/sellamoo.com\/en\/wp-json\/wp\/v2\/media\/18217"}],"wp:attachment":[{"href":"https:\/\/sellamoo.com\/en\/wp-json\/wp\/v2\/media?parent=18219"}],"wp:term":[{"taxonomy":"pwb-brand","embeddable":true,"href":"https:\/\/sellamoo.com\/en\/wp-json\/wp\/v2\/pwb-brand?post=18219"},{"taxonomy":"product_brand","embeddable":true,"href":"https:\/\/sellamoo.com\/en\/wp-json\/wp\/v2\/product_brand?post=18219"},{"taxonomy":"product_cat","embeddable":true,"href":"https:\/\/sellamoo.com\/en\/wp-json\/wp\/v2\/product_cat?post=18219"},{"taxonomy":"product_tag","embeddable":true,"href":"https:\/\/sellamoo.com\/en\/wp-json\/wp\/v2\/product_tag?post=18219"}],"curies":[{"name":"wp","href":"https:\/\/api.w.org\/{rel}","templated":true}]}}