{"id":18246,"date":"2025-12-03T20:39:51","date_gmt":"2025-12-03T19:39:51","guid":{"rendered":"https:\/\/sellamoo.com\/produit\/asus-zenbook-dual-screen\/"},"modified":"2026-01-05T23:04:17","modified_gmt":"2026-01-05T22:04:17","slug":"asus-zenbook","status":"publish","type":"product","link":"https:\/\/sellamoo.com\/en\/product\/asus-zenbook\/","title":{"rendered":"ASUS ZENBOOK Dual Screen"},"content":{"rendered":"<ul>\n<li>Intel core I7 10th g\u00e9n\u00e9ration<\/li>\n<li>8 c\u0153urs 2.3ghz<\/li>\n<li>512 SSD<\/li>\n<li>16go ram DDR4<\/li>\n<li>Autonomie 2h<\/li>\n<li>Windows 11 pro<\/li>\n<li>suite office install\u00e9<\/li>\n<li>Double \u00c9cran (tactile) pour les travaux de d\u00e9veloppeurs et d\u00e9signer (stylist, graphique, web, manga, CAD, 3D etc)<\/li>\n<\/ul>\n<h2><strong>Machine professionnelle avec tout ces accessoires<\/strong><\/h2>","protected":false},"excerpt":{"rendered":"<p>Intel core I7 10th g\u00e9n\u00e9ration 8 c\u0153urs 2.3ghz 512 SSD 16go ram DDR4 Autonomie 2h Windows 11 pro suite office install\u00e9 Double \u00c9cran (tactile) pour les travaux de d\u00e9veloppeurs et d\u00e9signer (stylist, graphique, web, manga, CAD, 3D etc) Machine professionnelle avec tout ces accessoires<\/p>","protected":false},"featured_media":18241,"comment_status":"open","ping_status":"closed","template":"","meta":[],"pwb-brand":[],"product_brand":[],"product_cat":[228,231,241,268],"product_tag":[],"class_list":{"0":"post-18246","1":"product","2":"type-product","3":"status-publish","4":"has-post-thumbnail","6":"product_cat-appareil","7":"product_cat-electroniques","8":"product_cat-laptop","9":"product_cat-ordinateurs","11":"first","12":"instock","13":"taxable","14":"shipping-taxable","15":"purchasable","16":"product-type-simple"},"aioseo_notices":[],"brands":[],"_links":{"self":[{"href":"https:\/\/sellamoo.com\/en\/wp-json\/wp\/v2\/product\/18246","targetHints":{"allow":["GET"]}}],"collection":[{"href":"https:\/\/sellamoo.com\/en\/wp-json\/wp\/v2\/product"}],"about":[{"href":"https:\/\/sellamoo.com\/en\/wp-json\/wp\/v2\/types\/product"}],"replies":[{"embeddable":true,"href":"https:\/\/sellamoo.com\/en\/wp-json\/wp\/v2\/comments?post=18246"}],"wp:featuredmedia":[{"embeddable":true,"href":"https:\/\/sellamoo.com\/en\/wp-json\/wp\/v2\/media\/18241"}],"wp:attachment":[{"href":"https:\/\/sellamoo.com\/en\/wp-json\/wp\/v2\/media?parent=18246"}],"wp:term":[{"taxonomy":"pwb-brand","embeddable":true,"href":"https:\/\/sellamoo.com\/en\/wp-json\/wp\/v2\/pwb-brand?post=18246"},{"taxonomy":"product_brand","embeddable":true,"href":"https:\/\/sellamoo.com\/en\/wp-json\/wp\/v2\/product_brand?post=18246"},{"taxonomy":"product_cat","embeddable":true,"href":"https:\/\/sellamoo.com\/en\/wp-json\/wp\/v2\/product_cat?post=18246"},{"taxonomy":"product_tag","embeddable":true,"href":"https:\/\/sellamoo.com\/en\/wp-json\/wp\/v2\/product_tag?post=18246"}],"curies":[{"name":"wp","href":"https:\/\/api.w.org\/{rel}","templated":true}]}}