{"id":18258,"date":"2025-12-04T12:34:34","date_gmt":"2025-12-04T11:34:34","guid":{"rendered":"https:\/\/sellamoo.com\/produit\/avira-antivirus-pro\/"},"modified":"2025-12-05T18:08:03","modified_gmt":"2025-12-05T17:08:03","slug":"antivirus-avira-pro","status":"publish","type":"product","link":"https:\/\/sellamoo.com\/en\/product\/antivirus-avira-pro\/","title":{"rendered":"Antivirus Avira Pro"},"content":{"rendered":"<p>Avira Pro est une solution de s\u00e9curit\u00e9 qui offre une protection prim\u00e9e contre les logiciels malveillants, les virus, les chevaux de Troie et autres menaces . Il est disponible pour Windows et Mac . La version r\u00e9cente d&rsquo;Avira Pro offre une interface respectueuse des codes de macOS pour les utilisateurs Mac . Il est reconnu pour sa puissance et sa capacit\u00e9 \u00e0 ne pas ralentir l&rsquo;ordinateur .<\/p>\n<p>Avira Antivirus Pro pr\u00e9sente plusieurs avantages. Voici quelques-uns des principaux :<\/p>\n<p><strong>Protection compl\u00e8te<\/strong> : Il prot\u00e8ge contre un large \u00e9ventail de logiciels malveillants, de virus, de chevaux de Troie et autres menaces, offrant une protection 24 heures sur 24, 7 jours sur 7.<\/p>\n<p><strong>Facilit\u00e9 d&rsquo;utilisation<\/strong> : Il facilite la r\u00e9alisation de plusieurs activit\u00e9s en toute s\u00e9curit\u00e9, notamment le t\u00e9l\u00e9chargement de fichiers et de programmes, ainsi que la navigation sur divers sites web .<\/p>\n<p><strong>Fonctionnalit\u00e9s suppl\u00e9mentaires<\/strong> : Il comprend des fonctionnalit\u00e9s premium telles qu&rsquo;un VPN illimit\u00e9 et System Speedup Pro, qui propose plus de 30 outils d&rsquo;optimisation haut de gamme .<\/p>\n<p><strong>Protection en temps r\u00e9el<\/strong> : Avira Antivirus Pro Business Edition offre une pr\u00e9vention des menaces en temps r\u00e9el gr\u00e2ce \u00e0 une d\u00e9tection bas\u00e9e sur les signatures .<\/p>","protected":false},"excerpt":{"rendered":"<p>Avira Pro est une solution de s\u00e9curit\u00e9 qui offre une protection prim\u00e9e contre les logiciels malveillants, les virus, les chevaux de Troie et autres menaces . Il est disponible pour Windows et Mac . La version r\u00e9cente d&rsquo;Avira Pro offre une interface respectueuse des codes de macOS pour les utilisateurs Mac . Il est reconnu [&hellip;]<\/p>","protected":false},"featured_media":18257,"comment_status":"open","ping_status":"closed","template":"","meta":[],"pwb-brand":[],"product_brand":[],"product_cat":[406,117],"product_tag":[],"class_list":{"0":"post-18258","1":"product","2":"type-product","3":"status-publish","4":"has-post-thumbnail","6":"product_cat-antivirus","7":"product_cat-logiciels","9":"first","10":"instock","11":"sale","12":"virtual","13":"taxable","14":"purchasable","15":"product-type-simple"},"aioseo_notices":[],"brands":[],"_links":{"self":[{"href":"https:\/\/sellamoo.com\/en\/wp-json\/wp\/v2\/product\/18258","targetHints":{"allow":["GET"]}}],"collection":[{"href":"https:\/\/sellamoo.com\/en\/wp-json\/wp\/v2\/product"}],"about":[{"href":"https:\/\/sellamoo.com\/en\/wp-json\/wp\/v2\/types\/product"}],"replies":[{"embeddable":true,"href":"https:\/\/sellamoo.com\/en\/wp-json\/wp\/v2\/comments?post=18258"}],"wp:featuredmedia":[{"embeddable":true,"href":"https:\/\/sellamoo.com\/en\/wp-json\/wp\/v2\/media\/18257"}],"wp:attachment":[{"href":"https:\/\/sellamoo.com\/en\/wp-json\/wp\/v2\/media?parent=18258"}],"wp:term":[{"taxonomy":"pwb-brand","embeddable":true,"href":"https:\/\/sellamoo.com\/en\/wp-json\/wp\/v2\/pwb-brand?post=18258"},{"taxonomy":"product_brand","embeddable":true,"href":"https:\/\/sellamoo.com\/en\/wp-json\/wp\/v2\/product_brand?post=18258"},{"taxonomy":"product_cat","embeddable":true,"href":"https:\/\/sellamoo.com\/en\/wp-json\/wp\/v2\/product_cat?post=18258"},{"taxonomy":"product_tag","embeddable":true,"href":"https:\/\/sellamoo.com\/en\/wp-json\/wp\/v2\/product_tag?post=18258"}],"curies":[{"name":"wp","href":"https:\/\/api.w.org\/{rel}","templated":true}]}}