{"id":18279,"date":"2025-12-05T11:47:49","date_gmt":"2025-12-05T10:47:49","guid":{"rendered":"https:\/\/sellamoo.com\/produit\/asus-chromebook-plus\/"},"modified":"2025-12-06T12:00:48","modified_gmt":"2025-12-06T11:00:48","slug":"asus-chromebook-plus","status":"publish","type":"product","link":"https:\/\/sellamoo.com\/en\/product\/asus-chromebook-plus\/","title":{"rendered":"ASUS CHROMEBOOK Plus"},"content":{"rendered":"<ul>\n<li>8 c\u0153ur et 2,5ghz vitesse du processeur<\/li>\n<li>Intel core i3 12th g\u00e9n\u00e9ration<\/li>\n<li>128go \/ 8go de ram<\/li>\n<li>Ecran 14\u2019\u2019<\/li>\n<li>Windows 11 install\u00e9 avec suite office<\/li>\n<li>Chargeur type c<\/li>\n<\/ul>","protected":false},"excerpt":{"rendered":"<p>8 c\u0153ur et 2,5ghz vitesse du processeur Intel core i3 12th g\u00e9n\u00e9ration 128go \/ 8go de ram Ecran 14\u2019\u2019 Windows 11 install\u00e9 avec suite office Chargeur type c<\/p>","protected":false},"featured_media":18270,"comment_status":"open","ping_status":"closed","template":"","meta":[],"pwb-brand":[],"product_brand":[],"product_cat":[228,231,241],"product_tag":[],"class_list":{"0":"post-18279","1":"product","2":"type-product","3":"status-publish","4":"has-post-thumbnail","6":"product_cat-appareil","7":"product_cat-electroniques","8":"product_cat-laptop","10":"first","11":"instock","12":"sale","13":"taxable","14":"shipping-taxable","15":"purchasable","16":"product-type-simple"},"aioseo_notices":[],"brands":[],"_links":{"self":[{"href":"https:\/\/sellamoo.com\/en\/wp-json\/wp\/v2\/product\/18279","targetHints":{"allow":["GET"]}}],"collection":[{"href":"https:\/\/sellamoo.com\/en\/wp-json\/wp\/v2\/product"}],"about":[{"href":"https:\/\/sellamoo.com\/en\/wp-json\/wp\/v2\/types\/product"}],"replies":[{"embeddable":true,"href":"https:\/\/sellamoo.com\/en\/wp-json\/wp\/v2\/comments?post=18279"}],"wp:featuredmedia":[{"embeddable":true,"href":"https:\/\/sellamoo.com\/en\/wp-json\/wp\/v2\/media\/18270"}],"wp:attachment":[{"href":"https:\/\/sellamoo.com\/en\/wp-json\/wp\/v2\/media?parent=18279"}],"wp:term":[{"taxonomy":"pwb-brand","embeddable":true,"href":"https:\/\/sellamoo.com\/en\/wp-json\/wp\/v2\/pwb-brand?post=18279"},{"taxonomy":"product_brand","embeddable":true,"href":"https:\/\/sellamoo.com\/en\/wp-json\/wp\/v2\/product_brand?post=18279"},{"taxonomy":"product_cat","embeddable":true,"href":"https:\/\/sellamoo.com\/en\/wp-json\/wp\/v2\/product_cat?post=18279"},{"taxonomy":"product_tag","embeddable":true,"href":"https:\/\/sellamoo.com\/en\/wp-json\/wp\/v2\/product_tag?post=18279"}],"curies":[{"name":"wp","href":"https:\/\/api.w.org\/{rel}","templated":true}]}}