{"id":18293,"date":"2025-12-16T14:08:56","date_gmt":"2025-12-16T13:08:56","guid":{"rendered":"https:\/\/sellamoo.com\/produit\/tp-link-wireless-n-nano-usb-adapter\/"},"modified":"2025-12-16T20:32:20","modified_gmt":"2025-12-16T19:32:20","slug":"tp-link-wireless-n-nano-usb-adapter","status":"publish","type":"product","link":"https:\/\/sellamoo.com\/en\/product\/tp-link-wireless-n-nano-usb-adapter\/","title":{"rendered":"TP-Link Wireless N Nano Usb Adapter"},"content":{"rendered":"<p>L&rsquo;adaptateur Wi-Fi Tplink est un appareil qui permet \u00e0 vos appareils de se connecter \u00e0 un r\u00e9seau Wi-Fi. Il est con\u00e7u pour \u00eatre facile \u00e0 utiliser et \u00e0 configurer. Il est \u00e9galement compatible avec une large gamme d&rsquo;appareils, y compris les ordinateurs portables, les tablettes et les smartphones.<\/p>\n<p>L&rsquo;adaptateur Wi-Fi Tplink est un excellent choix pour les personnes qui souhaitent se connecter \u00e0 un r\u00e9seau Wi-Fi sans avoir \u00e0 installer un nouveau mat\u00e9riel. Il est \u00e9galement id\u00e9al pour les personnes qui souhaitent am\u00e9liorer la port\u00e9e de leur r\u00e9seau Wi-Fi.<\/p>\n<p><iframe loading=\"lazy\" title=\"TP-Link TL WN725N 150Mbps Wireless N Nano USB Adapter\" width=\"1200\" height=\"675\" src=\"https:\/\/www.youtube.com\/embed\/fAJO0TK1Wf4?feature=oembed\" frameborder=\"0\" allow=\"accelerometer; autoplay; clipboard-write; encrypted-media; gyroscope; picture-in-picture; web-share\" referrerpolicy=\"strict-origin-when-cross-origin\" allowfullscreen><\/iframe><\/p>","protected":false},"excerpt":{"rendered":"<p>L&rsquo;adaptateur Wi-Fi Tplink est un appareil qui permet \u00e0 vos appareils de se connecter \u00e0 un r\u00e9seau Wi-Fi. Il est con\u00e7u pour \u00eatre facile \u00e0 utiliser et \u00e0 configurer. Il est \u00e9galement compatible avec une large gamme d&rsquo;appareils, y compris les ordinateurs portables, les tablettes et les smartphones. L&rsquo;adaptateur Wi-Fi Tplink est un excellent choix [&hellip;]<\/p>","protected":false},"featured_media":18289,"comment_status":"open","ping_status":"closed","template":"","meta":[],"pwb-brand":[],"product_brand":[],"product_cat":[407,408,178,228,231,268],"product_tag":[],"class_list":{"0":"post-18293","1":"product","2":"type-product","3":"status-publish","4":"has-post-thumbnail","6":"product_cat-adaptateurs","7":"product_cat-wifi","8":"product_cat-accessoirs","9":"product_cat-appareil","10":"product_cat-electroniques","11":"product_cat-ordinateurs","13":"first","14":"instock","15":"sale","16":"purchasable","17":"product-type-simple"},"aioseo_notices":[],"brands":[],"_links":{"self":[{"href":"https:\/\/sellamoo.com\/en\/wp-json\/wp\/v2\/product\/18293","targetHints":{"allow":["GET"]}}],"collection":[{"href":"https:\/\/sellamoo.com\/en\/wp-json\/wp\/v2\/product"}],"about":[{"href":"https:\/\/sellamoo.com\/en\/wp-json\/wp\/v2\/types\/product"}],"replies":[{"embeddable":true,"href":"https:\/\/sellamoo.com\/en\/wp-json\/wp\/v2\/comments?post=18293"}],"wp:featuredmedia":[{"embeddable":true,"href":"https:\/\/sellamoo.com\/en\/wp-json\/wp\/v2\/media\/18289"}],"wp:attachment":[{"href":"https:\/\/sellamoo.com\/en\/wp-json\/wp\/v2\/media?parent=18293"}],"wp:term":[{"taxonomy":"pwb-brand","embeddable":true,"href":"https:\/\/sellamoo.com\/en\/wp-json\/wp\/v2\/pwb-brand?post=18293"},{"taxonomy":"product_brand","embeddable":true,"href":"https:\/\/sellamoo.com\/en\/wp-json\/wp\/v2\/product_brand?post=18293"},{"taxonomy":"product_cat","embeddable":true,"href":"https:\/\/sellamoo.com\/en\/wp-json\/wp\/v2\/product_cat?post=18293"},{"taxonomy":"product_tag","embeddable":true,"href":"https:\/\/sellamoo.com\/en\/wp-json\/wp\/v2\/product_tag?post=18293"}],"curies":[{"name":"wp","href":"https:\/\/api.w.org\/{rel}","templated":true}]}}